{"id":49250,"date":"2024-08-27T17:45:24","date_gmt":"2024-08-27T15:45:24","guid":{"rendered":"https:\/\/dev.nortekhvac.eu\/conditions-generales-dutilisation\/"},"modified":"2024-09-12T12:47:08","modified_gmt":"2024-09-12T10:47:08","slug":"conditions-generales-dutilisation","status":"publish","type":"page","link":"https:\/\/www.molimextherm.com\/fr\/conditions-generales-dutilisation\/","title":{"rendered":"Conditions g\u00e9n\u00e9rales d&rsquo;utilisation"},"content":{"rendered":"\n<figure class=\"wp-block-table\"><table><tbody><tr><td><strong>L&rsquo;utilisation de ce site Web implique l&rsquo;acceptation des \u00ab Conditions g\u00e9n\u00e9rales \u00bb et de la \u00ab Politique de confidentialit\u00e9 \u00bb.<\/strong><\/td><\/tr><tr><td>Veuillez lire les conditions g\u00e9n\u00e9rales suivantes avant d&rsquo;utiliser le site Web de Reznor\u00ae et Molimex-therm (qui fait partie de Reznor). En acc\u00e9dant et en utilisant le site, vous reconnaissez avoir lu, compris et accept\u00e9 les pr\u00e9sentes conditions g\u00e9n\u00e9rales. Reznor peut modifier ces termes et conditions \u00e0 tout moment. Votre utilisation continue du site constitue votre acceptation des termes et conditions en vigueur au moment de votre utilisation. Vous devez visiter cette page avant d&rsquo;acc\u00e9der \u00e0 ce site pour vous familiariser avec les termes et conditions actuels auxquels vous \u00eates li\u00e9.     <br\/><br\/><strong>Confidentialit\u00e9<\/strong><br\/><br\/>Reznor collecte des informations sur les utilisateurs de ce site. La collecte de ces donn\u00e9es se fait conform\u00e9ment \u00e0 la politique de confidentialit\u00e9 de rezspec.com (\u00e9galement reznor.eu, reznor.be, reznor.nl, reznor.it, molimextherm.com).  <br\/><br\/><strong>L&rsquo;obligation de s&rsquo;inscrire<\/strong><br\/><br\/>Pour acc\u00e9der \u00e0 certaines parties de ce site Web, vous devrez vous inscrire en utilisant un profil personnel. Lors de votre inscription, il vous sera demand\u00e9 un nom d&rsquo;utilisateur et un mot de passe. Vous acceptez par la pr\u00e9sente de fournir des informations v\u00e9ridiques et exactes lorsque vous \u00eates invit\u00e9 \u00e0 fournir des informations personnelles via un formulaire ou un courrier \u00e9lectronique \u00e9manant d&rsquo;un employ\u00e9 autoris\u00e9 de Reznor. Vous acceptez \u00e9galement de maintenir l\u2019exactitude des informations que vous fournissez. Si vous fournissez des informations fausses, incorrectes ou incompl\u00e8tes, Reznor se r\u00e9serve le droit de supprimer votre profil personnel et ainsi de vous priver de votre droit d&rsquo;utiliser tout service propos\u00e9 via ce site Internet. Vous contr\u00f4lez la r\u00e9ception des e-mails de Reznor sur votre adresse e-mail.      <br\/><br\/><strong>Identit\u00e9 de l&rsquo;entreprise et marques d\u00e9pos\u00e9es<\/strong><br\/><br\/>Toutes les marques d\u00e9pos\u00e9es et\/ou non d\u00e9pos\u00e9es et\/ou marques de service utilis\u00e9es ou mentionn\u00e9es sur le site sont la propri\u00e9t\u00e9 de Reznor et\/ou de ses soci\u00e9t\u00e9s affili\u00e9es, sauf indication contraire. Vous ne pouvez pas utiliser, copier, reproduire, republier, t\u00e9l\u00e9charger, publier, transmettre, distribuer ou modifier ces marques de quelque mani\u00e8re que ce soit sans l&rsquo;autorisation \u00e9crite pr\u00e9alable de Reznor. L&rsquo;utilisation des marques de Reznor sur d&rsquo;autres sites Web est interdite.   <br\/><br\/><strong>Droit d&rsquo;auteur<\/strong><br\/><br\/>Tous les \u00e9l\u00e9ments faisant partie de ce site Web sont prot\u00e9g\u00e9s par le droit d&rsquo;auteur, sauf indication contraire explicite. Copyright 2003- et suivants. Tous droits r\u00e9serv\u00e9s.   <br\/><br\/><strong>Propri\u00e9t\u00e9 du contenu<\/strong><br\/><br\/>Vous reconnaissez et acceptez que le contenu, y compris, mais sans s&rsquo;y limiter, les textes, logiciels, musiques, sons, photographies, vid\u00e9os, graphiques ou tout autre mat\u00e9riel faisant partie de ce site ou toute publicit\u00e9 sponsoris\u00e9e par nous ou toute autre information, est prot\u00e9g\u00e9 par le droit d&rsquo;auteur, les marques d\u00e9pos\u00e9es, marques de service, brevets ou autres droits de propri\u00e9t\u00e9 et lois. Reznor vous autorise \u00e0 copier et imprimer \u00e9lectroniquement des parties du site Web pour votre usage personnel et non commercial uniquement. Cependant, Reznor conserve les droits d&rsquo;auteur sur tous ces \u00e9l\u00e9ments. Vous comprenez et acceptez que vous pouvez utiliser ce contenu uniquement comme d\u00e9crit dans les pr\u00e9sentes conditions et que vous ne pouvez pas copier, reproduire, distribuer ou cr\u00e9er des \u0153uvres d\u00e9riv\u00e9es bas\u00e9es sur ce contenu sans l&rsquo;autorisation \u00e9crite pr\u00e9alable de Reznor.    <br\/><br\/><strong>Gauche<\/strong><br\/><br\/>Reznor interdit l&rsquo;utilisation des marques d\u00e9pos\u00e9es de Reznor comme lien vers ou depuis tout autre site Web, \u00e0 moins que Reznor n&rsquo;ait pr\u00e9alablement approuv\u00e9 le lien par \u00e9crit. <br\/><br\/><strong>LIMITATION DES GARANTIES<\/strong><br\/><br\/>Reznor ne garantit pas que ce site Web r\u00e9pondra \u00e0 vos exigences ou qu&rsquo;il fonctionnera de mani\u00e8re ininterrompue, suffisamment rapide, s\u00e9curis\u00e9e ou sans erreur ; Reznor ne donne aucune garantie non plus quant aux r\u00e9sultats pouvant \u00eatre obtenus \u00e0 partir de l&rsquo;utilisation de ce site Web, ni quant \u00e0 l&rsquo;exactitude, l&rsquo;exhaustivit\u00e9 ou la fiabilit\u00e9 de toute information obtenue via ce site Web. VOUS COMPRENEZ ET ACCEPTEZ QUE VOUS T\u00c9L\u00c9CHARGEZ OU OBTENEZ AUTREMENT DES INFORMATIONS VIA CE SITE \u00c0 VOS PROPRES RISQUES ET QUE VOUS SEREZ SEUL RESPONSABLE DE TOUT DOMMAGE \u00c0 VOTRE ORDINATEUR OU PERTE DE DONN\u00c9ES R\u00c9SULTANT DU T\u00c9L\u00c9CHARGEMENT D&rsquo;UN TEL CONTENU. REZNOR FOURNIT CE SITE ET SON CONTENU TELS QUELS ET SANS GARANTIE D&rsquo;AUCUNE SORTE, EXPRESSE OU IMPLICITE, DANS TOUTE LA MESURE PERMISE PAR LA LOI. SONT INCLUSES LES GARANTIES IMPLICITES DE QUALIT\u00c9 MARCHANDE, DE NON-VIOLATION ET D&rsquo;ADAPTATION \u00c0 UN USAGE PARTICULIER.    <br\/><br\/><strong>LIMITATION DE RESPONSABILIT\u00c9<\/strong> <br\/><br\/>REZNOR FAIT DES EFFORTS RAISONNABLES POUR FOURNIR DES INFORMATIONS EXACTES VIA CE SITE WEB. TOUTEFOIS, VOUS COMPRENEZ ET ACCEPTEZ EXPRESS\u00c9MENT QUE VOUS UTILISEZ CE SITE \u00c0 VOS PROPRES RISQUES ET QUE REZNOR NE SAURAIT \u00caTRE RESPONSABLE DE TOUTE PERTE OU DOMMAGE DE QUELQUE SORTE (Y COMPRIS, MAIS SANS LIMITATION, LES DOMMAGES DIRECTS DE TOUTE SORTE, INDIRECTS, PUNITIFS, R\u00c9ELS) (DOMMAGES CONS\u00c9CUTIFS, ACCESSOIRES, ACCESSOIRES, SP\u00c9CIAUX, EXEMPLAIRES OU AUTRES DE LA NATURE DE LA PERTE DE PROFITS, DE LA PERTE D&rsquo;UTILISATION, DE LA PERTE D&rsquo;INFORMATIONS OU DE DONN\u00c9ES, OU DE LA PERTE D&rsquo;AFFAIRES) D\u00c9COULANT DE OU LI\u00c9S \u00c0 L&rsquo;UTILISATION OU \u00c0 L&rsquo;INCAPACIT\u00c9 D&rsquo;UTILISER CE SITE WEB , OU R\u00c9SULTANT D&rsquo;ERREURS OU D&rsquo;OMISSIONS DANS LE CONTENU DU SITE WEB, QUELLE QUE SOIT LA BASE DE RESPONSABILIT\u00c9, M\u00caME SI REZNOR A \u00c9T\u00c9 AVIS\u00c9 DE LA POSSIBILIT\u00c9 D&rsquo;UNE TELLE PERTE OU D&rsquo;UN TEL DOMMAGE. CELA COMPREND LES DOMMAGES POUR N\u00c9GLIGENCE OU N\u00c9GLIGENCE GRAVE.   <strong> <\/strong> <strong> <\/strong> <br\/><br\/><strong>Compensation<\/strong> <br\/><br\/>Ce site Web est contr\u00f4l\u00e9, exploit\u00e9 et administr\u00e9 par Reznor depuis ses bureaux de Memphis, Tennessee, \u00c9tats-Unis. Vous ne pouvez pas utiliser ce site pour t\u00e9l\u00e9charger du contenu, acheter ou vendre des biens, ou solliciter la sollicitation de biens ou de services en violation des lois ou r\u00e9glementations des \u00c9tats-Unis ou de toute autre juridiction. En utilisant ce site, vous acceptez de vous conformer aux lois de la juridiction \u00e0 partir de laquelle vous acc\u00e9dez. Vous acceptez, \u00e0 vos seuls frais, d&rsquo;indemniser, de d\u00e9fendre et de d\u00e9gager Reznor, ses dirigeants, gestionnaires, employ\u00e9s, agents, soci\u00e9t\u00e9s affili\u00e9es, distributeurs et titulaires de licence de toute responsabilit\u00e9 contre tout jugement, perte, d\u00e9faut, dommage, responsabilit\u00e9, co\u00fbts et d\u00e9penses (y compris honoraires et d\u00e9penses raisonnables d&rsquo;avocat) relatifs \u00e0 toute r\u00e9clamation, demande, affaire, action ou proc\u00e9dure d\u00e9coulant des pr\u00e9sentes Conditions ou de votre utilisation de ce site Web ou de tout produit ou service qui y est li\u00e9.   <br\/><br\/><strong>La loi s&rsquo;applique<\/strong><br\/><br\/>Ces conditions et la relation entre vous et Reznor seront r\u00e9gies et interpr\u00e9t\u00e9es conform\u00e9ment aux lois de l&rsquo;\u00c9tat du Tennessee, aux \u00c9tats-Unis, sans \u00e9gard \u00e0 ses lois sur les conflits de lois. Tout litige ou r\u00e9clamation d\u00e9coulant de ou li\u00e9 \u00e0 ces conditions ou en relation avec l&rsquo;utilisation de ce site et les \u00e9l\u00e9ments qu&rsquo;il contient sera r\u00e9solu devant un tribunal du Tennessee. Vous acceptez que, ind\u00e9pendamment de toute loi ou statut contraire, toute r\u00e9clamation ou cause d&rsquo;action d\u00e9coulant de ou li\u00e9e aux pr\u00e9sentes Conditions doit \u00eatre d\u00e9pos\u00e9e dans un d\u00e9lai d&rsquo;un (1) an apr\u00e8s la survenance de cette r\u00e9clamation ou cause d&rsquo;action ou \u00eatre interdite. Ces conditions constituent l&rsquo;int\u00e9gralit\u00e9 de l&rsquo;accord entre vous et Reznor concernant l&rsquo;utilisation de ce site. Si une disposition des pr\u00e9sentes Conditions s\u2019av\u00e8re inapplicable par un tribunal comp\u00e9tent, cette disposition sera appliqu\u00e9e dans toute la mesure n\u00e9cessaire pour refl\u00e9ter l\u2019intention des pr\u00e9sentes Conditions. Les autres dispositions des pr\u00e9sentes conditions restent pleinement en vigueur et de plein effet.      <br\/><br\/><strong>Renonciation\/Divisibilit\u00e9<\/strong><br\/><br\/>La renonciation \u00e0 toute violation ou droit en vertu des pr\u00e9sentes Conditions par l&rsquo;une ou l&rsquo;autre des parties ne constituera en aucun cas une renonciation \u00e0 toute violation ou droit ult\u00e9rieur. Si une disposition des pr\u00e9sentes Conditions est jug\u00e9e invalide ou inapplicable par un tribunal comp\u00e9tent, cette disposition sera s\u00e9par\u00e9e du reste des pr\u00e9sentes Conditions, qui resteront par ailleurs pleinement en vigueur.  <br\/><br\/><strong>R\u00e9serve de droits<\/strong><br\/><br\/>Tous les droits non express\u00e9ment accord\u00e9s dans les pr\u00e9sentes sont r\u00e9serv\u00e9s.<\/td><\/tr><\/tbody><\/table><\/figure>\n","protected":false},"excerpt":{"rendered":"<p>L&rsquo;utilisation de ce site Web implique l&rsquo;acceptation des \u00ab Conditions g\u00e9n\u00e9rales \u00bb et de la \u00ab Politique de confidentialit\u00e9 \u00bb. Veuillez lire les conditions g\u00e9n\u00e9rales suivantes avant d&rsquo;utiliser le site [&hellip;]<\/p>\n","protected":false},"author":2253,"featured_media":0,"parent":0,"menu_order":0,"comment_status":"closed","ping_status":"closed","template":"templates\/no-sidebar.php","meta":{"footnotes":""},"class_list":["post-49250","page","type-page","status-publish","hentry"],"acf":[],"_links":{"self":[{"href":"https:\/\/www.molimextherm.com\/fr\/wp-json\/wp\/v2\/pages\/49250","targetHints":{"allow":["GET"]}}],"collection":[{"href":"https:\/\/www.molimextherm.com\/fr\/wp-json\/wp\/v2\/pages"}],"about":[{"href":"https:\/\/www.molimextherm.com\/fr\/wp-json\/wp\/v2\/types\/page"}],"author":[{"embeddable":true,"href":"https:\/\/www.molimextherm.com\/fr\/wp-json\/wp\/v2\/users\/2253"}],"replies":[{"embeddable":true,"href":"https:\/\/www.molimextherm.com\/fr\/wp-json\/wp\/v2\/comments?post=49250"}],"version-history":[{"count":2,"href":"https:\/\/www.molimextherm.com\/fr\/wp-json\/wp\/v2\/pages\/49250\/revisions"}],"predecessor-version":[{"id":50666,"href":"https:\/\/www.molimextherm.com\/fr\/wp-json\/wp\/v2\/pages\/49250\/revisions\/50666"}],"wp:attachment":[{"href":"https:\/\/www.molimextherm.com\/fr\/wp-json\/wp\/v2\/media?parent=49250"}],"curies":[{"name":"wp","href":"https:\/\/api.w.org\/{rel}","templated":true}]}}