{"id":52279,"date":"2025-04-07T15:35:01","date_gmt":"2025-04-07T13:35:01","guid":{"rendered":"https:\/\/www.nortekhvac.eu\/?page_id=52279"},"modified":"2025-04-28T13:22:42","modified_gmt":"2025-04-28T11:22:42","slug":"lira-une-gestion-climatique-sans-emissions-pour-lindustrie","status":"publish","type":"page","link":"https:\/\/www.molimextherm.com\/fr\/lira-une-gestion-climatique-sans-emissions-pour-lindustrie\/","title":{"rendered":"LIRA : une gestion climatique sans \u00e9missions pour l&rsquo;industrie"},"content":{"rendered":"\n<img decoding=\"async\" style=\"width:100%; margin-bottom: 40px;\" src=\"https:\/\/www.molimextherm.com\/wp-content\/uploads\/2025\/04\/LIRA-fr-promo-banner-04.png\" alt=\"LIRA : Une gestion climatique sans gaz pour un avenir durable \" class=\"wp-image-51122\"\/>\n\n\n\n<div class=\"lira-split\"><div style=\"flex:1;\"><p>\u00c0 une \u00e9poque de transition climatique, Reznor continue d\u2019innover. La nouvelle gamme LIRA propose des pompes \u00e0 chaleur air-air puissantes et durables, assurant un chauffage \u00e0 air chaud sans gaz pour les entrep\u00f4ts et b\u00e2timents industriels \u2013 silencieux et ultra-performant, m\u00eame \u00e0 des temp\u00e9ratures aussi basses que -20\u00b0C.<\/p><p><strong>Chauffage et rafra\u00eechissement en un seul syst\u00e8me<\/strong><\/p><p>Avec une puissance de chauffage de 50 kW, le LIRA fournit \u00e9galement jusqu&rsquo;\u00e0 42 kW de refroidissement en \u00e9t\u00e9. Con\u00e7u pour tous les climats europ\u00e9ens, ce syst\u00e8me garantit un confort optimal et des performances maximales en toute saison.<\/p><p><strong>Un confort silencieux<\/strong><\/p><p>Les unit\u00e9s int\u00e9rieures et ext\u00e9rieures fonctionnent \u00e0 des niveaux sonores exceptionnellement bas de 38 dB(A) et 30 dB(A). Un environnement de travail agr\u00e9able devient une \u00e9vidence. Vos visiteurs, et vos clients appr\u00e9cieront \u00e9galement ce confort.<\/p><\/div><div style=\"flex:1;\"><img decoding=\"async\" src=\"https:\/\/www.molimextherm.com\/wp-content\/uploads\/2025\/04\/LIRA-promo-visual-03.png\" alt=\"Chauffage et rafra\u00eechissement en un seul syst\u00e8me\"\/><\/div><\/div>\n\n\n\n<div class=\"lira-split\"><div style=\"flex:1;\"><img decoding=\"async\" src=\"https:\/\/www.molimextherm.com\/wp-content\/uploads\/2025\/04\/LIRA-promo-visual-02.png\" alt=\"Efficacit\u00e9 maximale, consommation minimale\"\/><\/div><div style=\"flex:1;\"><p><strong>Efficacit\u00e9 maximale, consommation minimale<\/strong><\/p><p>Avec un COP de 4,38 et un EER de 4,00, le LIRA atteint la classe \u00e9nerg\u00e9tique A+++, le plus haut classement possible. Ceci est rendu possible gr\u00e2ce \u00e0 des technologies de pointe qui optimisent l\u2019efficacit\u00e9 et les performances :<\/p><p><ul><li>Cycle de d\u00e9givrage optimis\u00e9 \u2013 R\u00e9duit la fr\u00e9quence et la dur\u00e9e des cycles de d\u00e9givrage, permettant \u00e0 la pompe \u00e0 chaleur de rester plus longtemps en mode chauffage.<\/li>\n<li>Vitesse du ventilateur r\u00e9gul\u00e9e par pression \u2013 S\u2019adapte au niveau de givrage pour une performance plus stable.<\/li>\n<li>Espacement pr\u00e9cis des ailettes de 2,5 mm \u2013 Pr\u00e9vient la formation de glace et maximise l\u2019efficacit\u00e9 de l\u2019\u00e9changeur de chaleur.<\/li><\/ul><\/p><\/div><\/div>\n\n\n\n<div class=\"lira-split\"><div style='flex:1;'><p><strong>Enhanced Vapour Injection (EVI) : Plus de puissance, moins de contraintes<\/strong><\/p><p>Le LIRA utilise la technologie EVI, qui injecte du fluide frigorig\u00e8ne vaporis\u00e9 sous haute pression directement dans le compresseur. Cela permet :<\/p><ul><li>Une efficacit\u00e9 \u00e9nerg\u00e9tique accrue et des performances am\u00e9lior\u00e9es par temps extr\u00eamement froid.<\/li><li>Une r\u00e9duction de la charge sur le compresseur, prolongeant ainsi sa dur\u00e9e de vie.<\/li><li>Un fonctionnement optimis\u00e9 avec le fluide frigorig\u00e8ne R32, un choix \u00e9cologique n\u00e9cessitant une charge r\u00e9duite et sans impact sur la couche d\u2019ozone.<\/li><\/ul><p><strong>Installation flexible &#038; contr\u00f4le ais\u00e9<\/strong><\/p><p>Que vous optiez pour une unit\u00e9 int\u00e9rieure \u00e0 soufflage libre avec ventilateur axial ou un module gainable avec ventilateur plug, les deux options sont r\u00e9gul\u00e9es par EC et con\u00e7ues pour un faible niveau sonore. La pompe \u00e0 chaleur et l&rsquo;unit\u00e9 int\u00e9rieure peuvent \u00eatre install\u00e9es \u00e0 jusqu\u2019\u00e0 30 m\u00e8tres de distance, et un seul panneau tactile unique permet de g\u00e9rer jusqu\u2019\u00e0 15 unit\u00e9s. R\u00e9sultat : une installation simplifi\u00e9e et une flexibilit\u00e9 maximale.<\/p><p>De plus, le LIRA est pr\u00eat pour une int\u00e9gration avec les r\u00e9seaux \u00e9lectriques intelligents et l\u2019\u00e9nergie solaire, vous permettant d\u2019optimiser votre consommation \u00e9nerg\u00e9tique.<\/p><p>Le LIRA est une solution puissante et p\u00e9renne pour un chauffage et un refroidissement sans gaz dans les b\u00e2timents industriels \u2013 durable, efficace et pr\u00eat pour l\u2019avenir.<\/p><\/div><div style='flex:1;'><img decoding=\"async\" src=\"https:\/\/www.molimextherm.com\/wp-content\/uploads\/2025\/04\/LIRA-promo-visual-04.png\" alt=\"Installation flexible &#038; contr\u00f4le ais\u00e9\"\/><\/div><\/div>\n\n\n<div class=\"_df_book df-lite\" id=\"df_52272\"  _slug=\"lira-francais\" data-title=\"lira-francais\" wpoptions=\"true\" thumb=\"https:\/\/www.molimextherm.com\/wp-content\/uploads\/2025\/04\/Reznor-air-air-heat-pump-FR-2025-01-cover.png\" thumbtype=\"\" ><\/div><script class=\"df-shortcode-script\" nowprocket type=\"application\/javascript\">window.option_df_52272 = {\"outline\":[],\"autoEnableOutline\":\"false\",\"autoEnableThumbnail\":\"false\",\"overwritePDFOutline\":\"false\",\"direction\":\"1\",\"pageSize\":\"0\",\"source\":\"https:\\\/\\\/www.molimextherm.com\\\/wp-content\\\/uploads\\\/2025\\\/04\\\/Reznor-air-air-heat-pump-FR-2025-01.pdf\",\"wpOptions\":\"true\"}; if(window.DFLIP && window.DFLIP.parseBooks){window.DFLIP.parseBooks();}<\/script>\n\n\n\n<div class=\"nova-buttons\"><a style=\"display: inline-block; margin-top: 20px;font-size: 24px; padding: 20px 40px; border-radius: 15px;\" class=\"carmineredbutton\" href=\"https:\/\/www.molimextherm.com\/fr\/produit\/lira-pompe-a-chaleur-monosplit\/\">Voir tous les produits Lira \u2192<\/a><\/div>\n","protected":false},"excerpt":{"rendered":"<p>\u00c0 une \u00e9poque de transition climatique, Reznor continue d\u2019innover. La nouvelle gamme LIRA propose des pompes \u00e0 chaleur air-air puissantes et durables, assurant un chauffage \u00e0 air chaud sans gaz [&hellip;]<\/p>\n","protected":false},"author":2253,"featured_media":0,"parent":0,"menu_order":0,"comment_status":"closed","ping_status":"closed","template":"templates\/no-sidebar-no-title.php","meta":{"footnotes":""},"class_list":["post-52279","page","type-page","status-publish","hentry"],"acf":[],"_links":{"self":[{"href":"https:\/\/www.molimextherm.com\/fr\/wp-json\/wp\/v2\/pages\/52279","targetHints":{"allow":["GET"]}}],"collection":[{"href":"https:\/\/www.molimextherm.com\/fr\/wp-json\/wp\/v2\/pages"}],"about":[{"href":"https:\/\/www.molimextherm.com\/fr\/wp-json\/wp\/v2\/types\/page"}],"author":[{"embeddable":true,"href":"https:\/\/www.molimextherm.com\/fr\/wp-json\/wp\/v2\/users\/2253"}],"replies":[{"embeddable":true,"href":"https:\/\/www.molimextherm.com\/fr\/wp-json\/wp\/v2\/comments?post=52279"}],"version-history":[{"count":7,"href":"https:\/\/www.molimextherm.com\/fr\/wp-json\/wp\/v2\/pages\/52279\/revisions"}],"predecessor-version":[{"id":52409,"href":"https:\/\/www.molimextherm.com\/fr\/wp-json\/wp\/v2\/pages\/52279\/revisions\/52409"}],"wp:attachment":[{"href":"https:\/\/www.molimextherm.com\/fr\/wp-json\/wp\/v2\/media?parent=52279"}],"curies":[{"name":"wp","href":"https:\/\/api.w.org\/{rel}","templated":true}]}}