{"id":45797,"date":"2024-04-10T10:42:09","date_gmt":"2024-04-10T08:42:09","guid":{"rendered":"https:\/\/dev.nortekhvac.eu\/product\/rheco-ulsa\/"},"modified":"2024-09-11T11:11:19","modified_gmt":"2024-09-11T09:11:19","slug":"rheco-ulsa","status":"publish","type":"product","link":"https:\/\/www.molimextherm.com\/fr\/produit\/rheco-ulsa\/","title":{"rendered":"Rheco &#8211; ULSA"},"content":{"rendered":"<p>Les chauffe-eau \u00e0 haut rendement de RHeco sont les plus performants en termes de NOx et d&rsquo;\u00e9missions de CO sur le march\u00e9 \u00e0 ce jour.<br \/>\nLe RHeco est un radiateur \u00e0 gaz \u00e0 condensation totale. Avec une r\u00e9duction de 109 % par rapport \u00e0 la consommation et de 100 % par rapport \u00e0 la consommation totale, et des \u00e9missions de NOx et de CO inf\u00e9rieures \u00e0 25 ppm, la norme RHeco est sup\u00e9rieure aux normes europ\u00e9ennes.<\/p>\n<p>Le r\u00e9chauffeur \u00e0 condensation RHeco -luchtverwarmer est con\u00e7u pour offrir un rendement thermique tr\u00e8s \u00e9lev\u00e9, une faible consommation d&rsquo;\u00e9nergie et un rendement \u00e9lev\u00e9. Dans le cadre de la construction, il est n\u00e9cessaire d&rsquo;utiliser des produits de qualit\u00e9 sup\u00e9rieure. Dans les appareils de chauffage conventionnels, une partie de la chaleur est lib\u00e9r\u00e9e dans la masse de bois. Dans le cadre du programme RHeco, les carcasses de rongeurs sont nettoy\u00e9es \u00e0 l&rsquo;aide d&rsquo;une deuxi\u00e8me poudre chauffante, ce qui les rend plus r\u00e9sistantes \u00e0 l&rsquo;eau. L&rsquo;humidit\u00e9 de l&rsquo;eau qui se d\u00e9pose dans les murs se condense et la chaleur latente s&rsquo;installe dans la pi\u00e8ce.<br \/>\nLe nouveau marqueur de pr\u00e9m\u00e9lange modulaire et le circuit de marquage \u00e0 l&rsquo;int\u00e9rieur de l&rsquo;appareil rendent le RHeco encore plus s\u00fbr, plus l\u00e9ger et plus efficace sur le plan \u00e9nerg\u00e9tique.<\/p>\n","protected":false},"excerpt":{"rendered":"<p>Notre gamme RHeco d&rsquo;a\u00e9rothermes \u00e0 gaz suspendus \u00e0 condensation et \u00e0 faible \u00e9mission de NOX est id\u00e9ale pour les nouveaux b\u00e2timents \u00e0 faible \u00e9mission de carbone ou pour les organisations cherchant \u00e0 fournir une chaleur homog\u00e8ne tout en r\u00e9duisant les \u00e9missions. La gamme RHeco est un choix \u00e9conomique et peut rembourser le co\u00fbt initial suppl\u00e9mentaire par des \u00e9conomies de carburant en 2 \u00e0 4 ans, en fonction de l&rsquo;utilisation.<\/p>\n","protected":false},"featured_media":45715,"template":"","meta":[],"product_brand":[],"product_cat":[2851,2852,2849,2848,2850],"product_tag":[],"class_list":{"0":"post-45797","1":"product","2":"type-product","3":"status-publish","4":"has-post-thumbnail","6":"product_cat-aerothermes-a-air-chaud","7":"product_cat-aerothermes-a-air-chaud-fr","8":"product_cat-marques","9":"product_cat-produits","10":"product_cat-reznor-fr","11":"pa_brand-reznor-fr","13":"first","14":"outofstock","15":"taxable","16":"shipping-taxable","17":"product-type-grouped"},"acf":[],"_links":{"self":[{"href":"https:\/\/www.molimextherm.com\/fr\/wp-json\/wp\/v2\/product\/45797","targetHints":{"allow":["GET"]}}],"collection":[{"href":"https:\/\/www.molimextherm.com\/fr\/wp-json\/wp\/v2\/product"}],"about":[{"href":"https:\/\/www.molimextherm.com\/fr\/wp-json\/wp\/v2\/types\/product"}],"wp:featuredmedia":[{"embeddable":true,"href":"https:\/\/www.molimextherm.com\/fr\/wp-json\/wp\/v2\/media\/45715"}],"wp:attachment":[{"href":"https:\/\/www.molimextherm.com\/fr\/wp-json\/wp\/v2\/media?parent=45797"}],"wp:term":[{"taxonomy":"product_brand","embeddable":true,"href":"https:\/\/www.molimextherm.com\/fr\/wp-json\/wp\/v2\/product_brand?post=45797"},{"taxonomy":"product_cat","embeddable":true,"href":"https:\/\/www.molimextherm.com\/fr\/wp-json\/wp\/v2\/product_cat?post=45797"},{"taxonomy":"product_tag","embeddable":true,"href":"https:\/\/www.molimextherm.com\/fr\/wp-json\/wp\/v2\/product_tag?post=45797"}],"curies":[{"name":"wp","href":"https:\/\/api.w.org\/{rel}","templated":true}]}}