{"id":45801,"date":"2024-04-10T10:42:08","date_gmt":"2024-04-10T08:42:08","guid":{"rendered":"https:\/\/dev.nortekhvac.eu\/product\/photon-2\/"},"modified":"2025-10-14T19:40:50","modified_gmt":"2025-10-14T17:40:50","slug":"photon-2","status":"publish","type":"product","link":"https:\/\/www.molimextherm.com\/fr\/produit\/photon-2\/","title":{"rendered":"PHOTON"},"content":{"rendered":"<p>Le type Photon est un a\u00e9rotherme \u00e9quip\u00e9 d&rsquo;un pr\u00e9-m\u00e9langeur modulable, con\u00e7u pour offrir un rendement \u00e9nerg\u00e9tique \u00e9lev\u00e9, des performances optimales et un fonctionnement silencieux. Le travail bien fait, l&rsquo;entretien efficace et la dur\u00e9e de vie prolong\u00e9e de l&rsquo;agent chauffagiste sont les garants du meilleur rendement \u00e0 long terme.<br \/>\nLes appareils sont \u00e9quip\u00e9s d&rsquo;un ventilateur axial \u00e0 haut d\u00e9bit et sont disponibles dans des puissances de 10 \u00e0 100 kW.<\/p>\n","protected":false},"excerpt":{"rendered":"<p>Notre gamme Photon est notre derni\u00e8re g\u00e9n\u00e9ration d&rsquo;a\u00e9rothermes \u00e0 gaz suspendus, con\u00e7us pour offrir une efficacit\u00e9 \u00e9nerg\u00e9tique, des performances et une \u00e9conomie exceptionnelles, pour des co\u00fbts d&rsquo;exploitation et de cycle de vie r\u00e9duits. Gr\u00e2ce \u00e0 une technologie avanc\u00e9e et \u00e0 une esth\u00e9tique am\u00e9lior\u00e9e, vous pouvez obtenir un aspect \u00e9l\u00e9gant tout en assurant une temp\u00e9rature confortable.<\/p>\n","protected":false},"featured_media":47919,"template":"","meta":[],"product_brand":[],"product_cat":[2851,2852,2849,2848,2850],"product_tag":[],"class_list":{"0":"post-45801","1":"product","2":"type-product","3":"status-publish","4":"has-post-thumbnail","6":"product_cat-aerothermes-a-air-chaud","7":"product_cat-aerothermes-a-air-chaud-fr","8":"product_cat-marques","9":"product_cat-produits","10":"product_cat-reznor-fr","11":"pa_brand-reznor-fr","13":"first","14":"outofstock","15":"taxable","16":"shipping-taxable","17":"product-type-grouped"},"acf":[],"_links":{"self":[{"href":"https:\/\/www.molimextherm.com\/fr\/wp-json\/wp\/v2\/product\/45801","targetHints":{"allow":["GET"]}}],"collection":[{"href":"https:\/\/www.molimextherm.com\/fr\/wp-json\/wp\/v2\/product"}],"about":[{"href":"https:\/\/www.molimextherm.com\/fr\/wp-json\/wp\/v2\/types\/product"}],"wp:featuredmedia":[{"embeddable":true,"href":"https:\/\/www.molimextherm.com\/fr\/wp-json\/wp\/v2\/media\/47919"}],"wp:attachment":[{"href":"https:\/\/www.molimextherm.com\/fr\/wp-json\/wp\/v2\/media?parent=45801"}],"wp:term":[{"taxonomy":"product_brand","embeddable":true,"href":"https:\/\/www.molimextherm.com\/fr\/wp-json\/wp\/v2\/product_brand?post=45801"},{"taxonomy":"product_cat","embeddable":true,"href":"https:\/\/www.molimextherm.com\/fr\/wp-json\/wp\/v2\/product_cat?post=45801"},{"taxonomy":"product_tag","embeddable":true,"href":"https:\/\/www.molimextherm.com\/fr\/wp-json\/wp\/v2\/product_tag?post=45801"}],"curies":[{"name":"wp","href":"https:\/\/api.w.org\/{rel}","templated":true}]}}