{"id":45803,"date":"2024-04-10T10:42:03","date_gmt":"2024-04-10T08:42:03","guid":{"rendered":"https:\/\/dev.nortekhvac.eu\/product\/ds\/"},"modified":"2024-09-11T11:11:20","modified_gmt":"2024-09-11T09:11:20","slug":"ds","status":"publish","type":"product","link":"https:\/\/www.molimextherm.com\/fr\/produit\/ds\/","title":{"rendered":"DS"},"content":{"rendered":"<p>Le Steunventilator DS est un appareil de circulation de la lumi\u00e8re con\u00e7u pour am\u00e9liorer la stratification dans les grandes pi\u00e8ces qui doivent \u00eatre chauff\u00e9es \u00e0 l&rsquo;aide d&rsquo;une lampe ou d&rsquo;un appareil de chauffage conventionnel. Lors de l&rsquo;application de la m\u00e9thode de r\u00e9chauffement \u00e0 la source, il est n\u00e9cessaire d&rsquo;augmenter la temp\u00e9rature de l&rsquo;appareil pour qu&rsquo;il puisse fonctionner. Dans le cas d&rsquo;un chauffage \u00e0 l&rsquo;eau chaude, un \u00e9cart de temp\u00e9rature de 3\u00b0C maximum doit \u00eatre pris en compte. Pour obtenir un r\u00e9sultat optimal, il est indispensable d&rsquo;installer les filtres de fa\u00e7on simple.<\/p>\n","protected":false},"excerpt":{"rendered":"<p>Les ventilateurs de d\u00e9stratification sont une solution fantastique pour am\u00e9liorer l&rsquo;efficacit\u00e9 du chauffage et r\u00e9aliser des \u00e9conomies d&rsquo;\u00e9nergie. Ils sont con\u00e7us pour \u00e9viter les pertes de chaleur et recycler l&rsquo;air chaud lorsqu&rsquo;il remonte au niveau souhait\u00e9. Dans n&rsquo;importe quel espace, la chaleur monte naturellement au niveau du plafond, ce qui rend plus difficile le fait de chauffer des zones \u00e0 haut plafond au niveau de l&rsquo;occupation. Les ventilateurs de d\u00e9stratification sont con\u00e7us pour faire recirculer cet air chaud lorsqu&rsquo;il remonte au niveau souhait\u00e9.<\/p>\n","protected":false},"featured_media":45706,"template":"","meta":[],"product_brand":[],"product_cat":[2849,2848,2850,2856,2857],"product_tag":[],"class_list":{"0":"post-45803","1":"product","2":"type-product","3":"status-publish","4":"has-post-thumbnail","6":"product_cat-marques","7":"product_cat-produits","8":"product_cat-reznor-fr","9":"product_cat-ventilateurs-de-destratification","10":"product_cat-ventilateurs-de-destratification-fr","11":"pa_brand-reznor-fr","13":"first","14":"outofstock","15":"taxable","16":"shipping-taxable","17":"product-type-grouped"},"acf":[],"_links":{"self":[{"href":"https:\/\/www.molimextherm.com\/fr\/wp-json\/wp\/v2\/product\/45803","targetHints":{"allow":["GET"]}}],"collection":[{"href":"https:\/\/www.molimextherm.com\/fr\/wp-json\/wp\/v2\/product"}],"about":[{"href":"https:\/\/www.molimextherm.com\/fr\/wp-json\/wp\/v2\/types\/product"}],"wp:featuredmedia":[{"embeddable":true,"href":"https:\/\/www.molimextherm.com\/fr\/wp-json\/wp\/v2\/media\/45706"}],"wp:attachment":[{"href":"https:\/\/www.molimextherm.com\/fr\/wp-json\/wp\/v2\/media?parent=45803"}],"wp:term":[{"taxonomy":"product_brand","embeddable":true,"href":"https:\/\/www.molimextherm.com\/fr\/wp-json\/wp\/v2\/product_brand?post=45803"},{"taxonomy":"product_cat","embeddable":true,"href":"https:\/\/www.molimextherm.com\/fr\/wp-json\/wp\/v2\/product_cat?post=45803"},{"taxonomy":"product_tag","embeddable":true,"href":"https:\/\/www.molimextherm.com\/fr\/wp-json\/wp\/v2\/product_tag?post=45803"}],"curies":[{"name":"wp","href":"https:\/\/api.w.org\/{rel}","templated":true}]}}