{"id":45805,"date":"2024-04-10T10:42:02","date_gmt":"2024-04-10T08:42:02","guid":{"rendered":"https:\/\/dev.nortekhvac.eu\/product\/ab\/"},"modified":"2024-09-11T11:11:20","modified_gmt":"2024-09-11T09:11:20","slug":"ab","status":"publish","type":"product","link":"https:\/\/www.molimextherm.com\/fr\/produit\/ab\/","title":{"rendered":"AB"},"content":{"rendered":"<p>Le sch\u00e9ma entre la limite inf\u00e9rieure et la limite sup\u00e9rieure est invers\u00e9 par la mise en place d&rsquo;un luchtgordijn.<br \/>\nLes appareils sont con\u00e7us pour \u00eatre utilis\u00e9s \u00e0 l&rsquo;int\u00e9rieur et doivent \u00eatre utilis\u00e9s \u00e0 une temp\u00e9rature ambiante comprise entre -15\u00b0C et 30\u00b0C.<\/p>\n<p>L&rsquo;instrument est modulable afin de permettre \u00e0 chaque race de b\u00e9n\u00e9ficier d&rsquo;une option. Il y a 2 modules standard disponibles. Nl ; 1,75m en 2,25m<br \/>\nIl est possible de combiner ces longueurs, avec un maximum de 3 pi\u00e8ces.<br \/>\nL&rsquo;appareil est con\u00e7u pour les passages industriels avec une hauteur maximale de 6 m\u00e8tres.<br \/>\nUn panneau de contr\u00f4le est install\u00e9 sur l&rsquo;\u00e9cran. Le fonctionnement complet de l&rsquo;appareil peut \u00eatre contr\u00f4l\u00e9 et g\u00e9r\u00e9 \u00e0 partir de ce panneau. En option, il est possible d&rsquo;ajouter un thermostat d&rsquo;arr\u00eat et\/ou un contact d&rsquo;arr\u00eat sur le panneau.<br \/>\nL&rsquo;appareil doit \u00eatre raccord\u00e9 au r\u00e9seau \u00e9lectrique avec une port\u00e9e de 3X400V+N.<br \/>\nLes ventilateurs sont \u00e9quip\u00e9s en standard de la fonction de 2 vitesses, la vitesse peut \u00eatre r\u00e9gl\u00e9e \u00e0 l&rsquo;aide du panneau de commande (drapeau). Un troisi\u00e8me type d&rsquo;\u00e9nergie (l&rsquo;\u00e9nergie solaire) est pr\u00e9sent sur le site, mais il n&rsquo;est pas encore connu.<br \/>\nLes cellules d&rsquo;ombres \u00e0 feu sont trap\u00e9zo\u00efdales et individuellement ins\u00e9r\u00e9es.<\/p>\n<p>L&rsquo;appareil est disponible en 4 versions diff\u00e9rentes : \u00e0 gaz, indirecte, \u00e9lectrique, ambiante.<\/p>\n","protected":false},"excerpt":{"rendered":"<p>Notre gamme AB de rideaux d&rsquo;air industriels cr\u00e9e une puissante barri\u00e8re d&rsquo;air chaud \u00e0 travers les portes ouvertes afin d&#8217;emp\u00eacher la chaleur int\u00e9rieure de s&rsquo;\u00e9chapper et de cr\u00e9er un environnement int\u00e9rieur plus rentable et plus confortable. Cette unit\u00e9 est tr\u00e8s appr\u00e9ci\u00e9e dans les entrep\u00f4ts, les hangars et autres grands espaces.<\/p>\n","protected":false},"featured_media":47913,"template":"","meta":[],"product_brand":[],"product_cat":[2849,2848,2850,2860,2861],"product_tag":[],"class_list":{"0":"post-45805","1":"product","2":"type-product","3":"status-publish","4":"has-post-thumbnail","6":"product_cat-marques","7":"product_cat-produits","8":"product_cat-reznor-fr","9":"product_cat-rideaux-dair","10":"product_cat-rideaux-dair-fr","11":"pa_brand-reznor-fr","13":"first","14":"outofstock","15":"taxable","16":"shipping-taxable","17":"product-type-grouped"},"acf":[],"_links":{"self":[{"href":"https:\/\/www.molimextherm.com\/fr\/wp-json\/wp\/v2\/product\/45805","targetHints":{"allow":["GET"]}}],"collection":[{"href":"https:\/\/www.molimextherm.com\/fr\/wp-json\/wp\/v2\/product"}],"about":[{"href":"https:\/\/www.molimextherm.com\/fr\/wp-json\/wp\/v2\/types\/product"}],"wp:featuredmedia":[{"embeddable":true,"href":"https:\/\/www.molimextherm.com\/fr\/wp-json\/wp\/v2\/media\/47913"}],"wp:attachment":[{"href":"https:\/\/www.molimextherm.com\/fr\/wp-json\/wp\/v2\/media?parent=45805"}],"wp:term":[{"taxonomy":"product_brand","embeddable":true,"href":"https:\/\/www.molimextherm.com\/fr\/wp-json\/wp\/v2\/product_brand?post=45805"},{"taxonomy":"product_cat","embeddable":true,"href":"https:\/\/www.molimextherm.com\/fr\/wp-json\/wp\/v2\/product_cat?post=45805"},{"taxonomy":"product_tag","embeddable":true,"href":"https:\/\/www.molimextherm.com\/fr\/wp-json\/wp\/v2\/product_tag?post=45805"}],"curies":[{"name":"wp","href":"https:\/\/api.w.org\/{rel}","templated":true}]}}