{"id":45819,"date":"2024-04-10T10:42:07","date_gmt":"2024-04-10T08:42:07","guid":{"rendered":"https:\/\/dev.nortekhvac.eu\/product\/gardien\/"},"modified":"2024-09-11T11:11:21","modified_gmt":"2024-09-11T09:11:21","slug":"guardian","status":"publish","type":"product","link":"https:\/\/www.molimextherm.com\/fr\/produit\/guardian\/","title":{"rendered":"Guardian"},"content":{"rendered":"<p>La s\u00e9rie Guardian comprend des armes \u00e0 feu destin\u00e9es \u00e0 \u00eatre utilis\u00e9es dans les rues commer\u00e7antes. Les produits ont \u00e9t\u00e9 con\u00e7us pour \u00eatre esth\u00e9tiques et agr\u00e9ables \u00e0 regarder lorsque l&rsquo;on se trouve dans une pi\u00e8ce ou dans une pi\u00e8ce en verre.<\/p>\n<p>Modellen<br \/>\nLes luchtgordijnen de Guardian sont \u00e0 l&rsquo;origine de ces versets :<br \/>\nGS : opbouw<br \/>\nGR : inbouw laag vals plafond<\/p>\n<p>Le mod\u00e8le Elk est \u00e9quip\u00e9 en standard d&rsquo;un ventilateur \u00e0 3 entr\u00e9es. Les mod\u00e8les \u00e9lectriques ont \u00e9galement une part d&rsquo;\u00e9nergie.<br \/>\nLe lit de SmartElec. Un panneau d&rsquo;alimentation pour les r\u00e9gulateurs de temp\u00e9rature et les ventilateurs est \u00e9galement fourni.<\/p>\n<p>De plus, certaines de ces versions sont difficiles \u00e0 interpr\u00e9ter :<br \/>\nVersion ambiante ; non chauff\u00e9e<br \/>\nChauffage \u00e9lectrique<br \/>\nRencontrer la batterie d&rsquo;eau chaude<\/p>\n","protected":false},"excerpt":{"rendered":"<p>Notre gamme de rideaux d&rsquo;air Guardian est con\u00e7ue pour \u00eatre efficace et compl\u00e9ter le style de tout local commercial ou de vente au d\u00e9tail. Cet appareil peut \u00eatre fix\u00e9 au mur ou suspendu \u00e0 des barres de suspension devant les entr\u00e9es vitr\u00e9es. Avec un grand nombre d&rsquo;options d&rsquo;\u00e9clairage et de s\u00e9curit\u00e9 pour les b\u00e2timents, la gamme Guardian peut \u00eatre personnalis\u00e9e pour r\u00e9pondre \u00e0 vos besoins.<\/p>\n","protected":false},"featured_media":47907,"template":"","meta":[],"product_brand":[],"product_cat":[2849,2848,2850,2860,2861],"product_tag":[],"class_list":{"0":"post-45819","1":"product","2":"type-product","3":"status-publish","4":"has-post-thumbnail","6":"product_cat-marques","7":"product_cat-produits","8":"product_cat-reznor-fr","9":"product_cat-rideaux-dair","10":"product_cat-rideaux-dair-fr","11":"pa_brand-reznor-fr","13":"first","14":"outofstock","15":"taxable","16":"shipping-taxable","17":"product-type-grouped"},"acf":[],"_links":{"self":[{"href":"https:\/\/www.molimextherm.com\/fr\/wp-json\/wp\/v2\/product\/45819","targetHints":{"allow":["GET"]}}],"collection":[{"href":"https:\/\/www.molimextherm.com\/fr\/wp-json\/wp\/v2\/product"}],"about":[{"href":"https:\/\/www.molimextherm.com\/fr\/wp-json\/wp\/v2\/types\/product"}],"wp:featuredmedia":[{"embeddable":true,"href":"https:\/\/www.molimextherm.com\/fr\/wp-json\/wp\/v2\/media\/47907"}],"wp:attachment":[{"href":"https:\/\/www.molimextherm.com\/fr\/wp-json\/wp\/v2\/media?parent=45819"}],"wp:term":[{"taxonomy":"product_brand","embeddable":true,"href":"https:\/\/www.molimextherm.com\/fr\/wp-json\/wp\/v2\/product_brand?post=45819"},{"taxonomy":"product_cat","embeddable":true,"href":"https:\/\/www.molimextherm.com\/fr\/wp-json\/wp\/v2\/product_cat?post=45819"},{"taxonomy":"product_tag","embeddable":true,"href":"https:\/\/www.molimextherm.com\/fr\/wp-json\/wp\/v2\/product_tag?post=45819"}],"curies":[{"name":"wp","href":"https:\/\/api.w.org\/{rel}","templated":true}]}}