{"id":45821,"date":"2024-04-10T10:42:03","date_gmt":"2024-04-10T08:42:03","guid":{"rendered":"https:\/\/dev.nortekhvac.eu\/product\/ab-2\/"},"modified":"2024-09-11T11:11:21","modified_gmt":"2024-09-11T09:11:21","slug":"ab-2","status":"publish","type":"product","link":"https:\/\/www.molimextherm.com\/fr\/produit\/ab-2\/","title":{"rendered":"AB"},"content":{"rendered":"<p>Un panneau de contr\u00f4le a \u00e9t\u00e9 install\u00e9 dans le cadre du projet AB luchtgordijnen. Le fonctionnement complet de l&rsquo;appareil peut \u00eatre contr\u00f4l\u00e9 et g\u00e9r\u00e9 \u00e0 partir de ce panneau. En option, il est possible d&rsquo;ajouter un thermostat d&rsquo;arr\u00eat et\/ou un contact d&rsquo;arr\u00eat sur le panneau.<br \/>\nL&rsquo;appareil doit \u00eatre raccord\u00e9 au r\u00e9seau \u00e9lectrique avec une port\u00e9e de 3X400V+N.<br \/>\nLes ventilateurs sont \u00e9quip\u00e9s en standard de la fonction de 2 vitesses, la vitesse peut \u00eatre r\u00e9gl\u00e9e \u00e0 l&rsquo;aide du panneau de commande (drapeau). Un troisi\u00e8me type d&rsquo;\u00e9nergie (l&rsquo;\u00e9nergie solaire) est pr\u00e9sent sur le site, mais il n&rsquo;est pas encore connu.<\/p>\n","protected":false},"excerpt":{"rendered":"<p>Notre gamme AB de rideaux d&rsquo;air industriels cr\u00e9e une puissante barri\u00e8re d&rsquo;air chaud \u00e0 travers les portes ouvertes afin d&#8217;emp\u00eacher la chaleur int\u00e9rieure de s&rsquo;\u00e9chapper et de cr\u00e9er un environnement int\u00e9rieur plus rentable et plus confortable. Cette unit\u00e9 est tr\u00e8s appr\u00e9ci\u00e9e dans les entrep\u00f4ts, les hangars et autres grands espaces.<\/p>\n","protected":false},"featured_media":47910,"template":"","meta":[],"product_brand":[],"product_cat":[2871,2849,2850],"product_tag":[],"class_list":{"0":"post-45821","1":"product","2":"type-product","3":"status-publish","4":"has-post-thumbnail","6":"product_cat-controles","7":"product_cat-marques","8":"product_cat-reznor-fr","9":"pa_brand-reznor-fr","11":"first","12":"outofstock","13":"taxable","14":"shipping-taxable","15":"product-type-grouped"},"acf":[],"_links":{"self":[{"href":"https:\/\/www.molimextherm.com\/fr\/wp-json\/wp\/v2\/product\/45821","targetHints":{"allow":["GET"]}}],"collection":[{"href":"https:\/\/www.molimextherm.com\/fr\/wp-json\/wp\/v2\/product"}],"about":[{"href":"https:\/\/www.molimextherm.com\/fr\/wp-json\/wp\/v2\/types\/product"}],"wp:featuredmedia":[{"embeddable":true,"href":"https:\/\/www.molimextherm.com\/fr\/wp-json\/wp\/v2\/media\/47910"}],"wp:attachment":[{"href":"https:\/\/www.molimextherm.com\/fr\/wp-json\/wp\/v2\/media?parent=45821"}],"wp:term":[{"taxonomy":"product_brand","embeddable":true,"href":"https:\/\/www.molimextherm.com\/fr\/wp-json\/wp\/v2\/product_brand?post=45821"},{"taxonomy":"product_cat","embeddable":true,"href":"https:\/\/www.molimextherm.com\/fr\/wp-json\/wp\/v2\/product_cat?post=45821"},{"taxonomy":"product_tag","embeddable":true,"href":"https:\/\/www.molimextherm.com\/fr\/wp-json\/wp\/v2\/product_tag?post=45821"}],"curies":[{"name":"wp","href":"https:\/\/api.w.org\/{rel}","templated":true}]}}