{"id":45857,"date":"2024-03-04T11:40:17","date_gmt":"2024-03-04T10:40:17","guid":{"rendered":"https:\/\/dev.nortekhvac.eu\/product\/element-chauffant-electrique-220v-3-kw\/"},"modified":"2024-10-16T09:16:42","modified_gmt":"2024-10-16T07:16:42","slug":"element-chauffant-electrique-220v-3-kw","status":"publish","type":"product","link":"https:\/\/www.molimextherm.com\/fr\/produit\/element-chauffant-electrique-220v-3-kw\/","title":{"rendered":"\u00c9l\u00e9ment chauffant \u00e9lectrique (220V \/ 3 kW)"},"content":{"rendered":"","protected":false},"excerpt":{"rendered":"","protected":false},"featured_media":0,"template":"","meta":[],"product_brand":[],"product_cat":[2865,2936,2830],"product_tag":[],"class_list":{"0":"post-45857","1":"product","2":"type-product","3":"status-publish","5":"product_cat-aosmith-spares-fr","6":"product_cat-aos-enevator-fr","7":"product_cat-pieces-de-rechange","8":"pa_brand-aosmith-fr","9":"pa_model-number-cawh-8-455-6-fr","10":"pa_range-series-aos-ennevateur","12":"first","13":"instock","14":"taxable","15":"shipping-taxable","16":"purchasable","17":"product-type-simple"},"acf":[],"_links":{"self":[{"href":"https:\/\/www.molimextherm.com\/fr\/wp-json\/wp\/v2\/product\/45857","targetHints":{"allow":["GET"]}}],"collection":[{"href":"https:\/\/www.molimextherm.com\/fr\/wp-json\/wp\/v2\/product"}],"about":[{"href":"https:\/\/www.molimextherm.com\/fr\/wp-json\/wp\/v2\/types\/product"}],"wp:attachment":[{"href":"https:\/\/www.molimextherm.com\/fr\/wp-json\/wp\/v2\/media?parent=45857"}],"wp:term":[{"taxonomy":"product_brand","embeddable":true,"href":"https:\/\/www.molimextherm.com\/fr\/wp-json\/wp\/v2\/product_brand?post=45857"},{"taxonomy":"product_cat","embeddable":true,"href":"https:\/\/www.molimextherm.com\/fr\/wp-json\/wp\/v2\/product_cat?post=45857"},{"taxonomy":"product_tag","embeddable":true,"href":"https:\/\/www.molimextherm.com\/fr\/wp-json\/wp\/v2\/product_tag?post=45857"}],"curies":[{"name":"wp","href":"https:\/\/api.w.org\/{rel}","templated":true}]}}