{"id":45880,"date":"2024-03-04T11:39:02","date_gmt":"2024-03-04T10:39:02","guid":{"rendered":"https:\/\/dev.nortekhvac.eu\/product\/pieces-detachees-bth35\/"},"modified":"2024-09-11T11:10:56","modified_gmt":"2024-09-11T09:10:56","slug":"pieces-detachees-bth35","status":"publish","type":"product","link":"https:\/\/www.molimextherm.com\/fr\/produit\/pieces-detachees-bth35\/","title":{"rendered":"pi\u00e8ces d\u00e9tach\u00e9es-BTH35"},"content":{"rendered":"","protected":false},"excerpt":{"rendered":"","protected":false},"featured_media":0,"template":"","meta":[],"product_brand":[],"product_cat":[2877,3475,2830],"product_tag":[],"class_list":{"0":"post-45880","1":"product","2":"type-product","3":"status-publish","5":"product_cat-gaz-industrie-spares-fr","6":"product_cat-bth-fr","7":"product_cat-pieces-de-rechange","8":"pa_brand-gaz-industrie-fr","9":"pa_model-number-bth35-fr","10":"pa_range-series-bth-fr","12":"first","13":"outofstock","14":"taxable","15":"shipping-taxable","16":"purchasable","17":"product-type-simple"},"acf":[],"_links":{"self":[{"href":"https:\/\/www.molimextherm.com\/fr\/wp-json\/wp\/v2\/product\/45880","targetHints":{"allow":["GET"]}}],"collection":[{"href":"https:\/\/www.molimextherm.com\/fr\/wp-json\/wp\/v2\/product"}],"about":[{"href":"https:\/\/www.molimextherm.com\/fr\/wp-json\/wp\/v2\/types\/product"}],"wp:attachment":[{"href":"https:\/\/www.molimextherm.com\/fr\/wp-json\/wp\/v2\/media?parent=45880"}],"wp:term":[{"taxonomy":"product_brand","embeddable":true,"href":"https:\/\/www.molimextherm.com\/fr\/wp-json\/wp\/v2\/product_brand?post=45880"},{"taxonomy":"product_cat","embeddable":true,"href":"https:\/\/www.molimextherm.com\/fr\/wp-json\/wp\/v2\/product_cat?post=45880"},{"taxonomy":"product_tag","embeddable":true,"href":"https:\/\/www.molimextherm.com\/fr\/wp-json\/wp\/v2\/product_tag?post=45880"}],"curies":[{"name":"wp","href":"https:\/\/api.w.org\/{rel}","templated":true}]}}