{"id":45906,"date":"2024-03-04T11:39:13","date_gmt":"2024-03-04T10:39:13","guid":{"rendered":"https:\/\/dev.nortekhvac.eu\/product\/pieces-detachees-btlh35\/"},"modified":"2024-09-11T11:11:02","modified_gmt":"2024-09-11T09:11:02","slug":"pieces-detachees-btlh35","status":"publish","type":"product","link":"https:\/\/www.molimextherm.com\/fr\/produit\/pieces-detachees-btlh35\/","title":{"rendered":"pi\u00e8ces d\u00e9tach\u00e9es-BTLH35"},"content":{"rendered":"","protected":false},"excerpt":{"rendered":"","protected":false},"featured_media":0,"template":"","meta":[],"product_brand":[],"product_cat":[2877,3700,2830],"product_tag":[],"class_list":{"0":"post-45906","1":"product","2":"type-product","3":"status-publish","5":"product_cat-gaz-industrie-spares-fr","6":"product_cat-btlh-fr","7":"product_cat-pieces-de-rechange","8":"pa_brand-gaz-industrie-fr","9":"pa_model-number-btlh35-fr","10":"pa_range-series-btlh-fr","12":"first","13":"outofstock","14":"taxable","15":"shipping-taxable","16":"purchasable","17":"product-type-simple"},"acf":[],"_links":{"self":[{"href":"https:\/\/www.molimextherm.com\/fr\/wp-json\/wp\/v2\/product\/45906","targetHints":{"allow":["GET"]}}],"collection":[{"href":"https:\/\/www.molimextherm.com\/fr\/wp-json\/wp\/v2\/product"}],"about":[{"href":"https:\/\/www.molimextherm.com\/fr\/wp-json\/wp\/v2\/types\/product"}],"wp:attachment":[{"href":"https:\/\/www.molimextherm.com\/fr\/wp-json\/wp\/v2\/media?parent=45906"}],"wp:term":[{"taxonomy":"product_brand","embeddable":true,"href":"https:\/\/www.molimextherm.com\/fr\/wp-json\/wp\/v2\/product_brand?post=45906"},{"taxonomy":"product_cat","embeddable":true,"href":"https:\/\/www.molimextherm.com\/fr\/wp-json\/wp\/v2\/product_cat?post=45906"},{"taxonomy":"product_tag","embeddable":true,"href":"https:\/\/www.molimextherm.com\/fr\/wp-json\/wp\/v2\/product_tag?post=45906"}],"curies":[{"name":"wp","href":"https:\/\/api.w.org\/{rel}","templated":true}]}}