{"id":46186,"date":"2024-03-04T11:36:52","date_gmt":"2024-03-04T10:36:52","guid":{"rendered":"https:\/\/dev.nortekhvac.eu\/product\/joint-detancheite-allumeur-a-incandescence\/"},"modified":"2024-10-16T09:20:18","modified_gmt":"2024-10-16T07:20:18","slug":"joint-detancheite-allumeur-a-incandescence","status":"publish","type":"product","link":"https:\/\/www.molimextherm.com\/fr\/produit\/joint-detancheite-allumeur-a-incandescence\/","title":{"rendered":"JOINT D&rsquo;\u00c9TANCH\u00c9IT\u00c9 ALLUMEUR \u00c0 INCANDESCENCE"},"content":{"rendered":"","protected":false},"excerpt":{"rendered":"","protected":false},"featured_media":0,"template":"","meta":[],"product_brand":[],"product_cat":[2865,2830],"product_tag":[],"class_list":{"0":"post-46186","1":"product","2":"type-product","3":"status-publish","5":"product_cat-aosmith-spares-fr","6":"product_cat-pieces-de-rechange","7":"pa_brand-aosmith-fr","9":"first","10":"instock","11":"taxable","12":"shipping-taxable","13":"purchasable","14":"product-type-simple"},"acf":[],"_links":{"self":[{"href":"https:\/\/www.molimextherm.com\/fr\/wp-json\/wp\/v2\/product\/46186","targetHints":{"allow":["GET"]}}],"collection":[{"href":"https:\/\/www.molimextherm.com\/fr\/wp-json\/wp\/v2\/product"}],"about":[{"href":"https:\/\/www.molimextherm.com\/fr\/wp-json\/wp\/v2\/types\/product"}],"wp:attachment":[{"href":"https:\/\/www.molimextherm.com\/fr\/wp-json\/wp\/v2\/media?parent=46186"}],"wp:term":[{"taxonomy":"product_brand","embeddable":true,"href":"https:\/\/www.molimextherm.com\/fr\/wp-json\/wp\/v2\/product_brand?post=46186"},{"taxonomy":"product_cat","embeddable":true,"href":"https:\/\/www.molimextherm.com\/fr\/wp-json\/wp\/v2\/product_cat?post=46186"},{"taxonomy":"product_tag","embeddable":true,"href":"https:\/\/www.molimextherm.com\/fr\/wp-json\/wp\/v2\/product_tag?post=46186"}],"curies":[{"name":"wp","href":"https:\/\/api.w.org\/{rel}","templated":true}]}}