{"id":46305,"date":"2024-03-04T11:35:49","date_gmt":"2024-03-04T10:35:49","guid":{"rendered":"https:\/\/dev.nortekhvac.eu\/product\/element-electrique-detancheite\/"},"modified":"2024-10-16T09:21:47","modified_gmt":"2024-10-16T07:21:47","slug":"element-electrique-detancheite","status":"publish","type":"product","link":"https:\/\/www.molimextherm.com\/fr\/produit\/element-electrique-detancheite\/","title":{"rendered":"\u00c9L\u00c9MENT \u00c9LECTRIQUE D&rsquo;\u00c9TANCH\u00c9IT\u00c9"},"content":{"rendered":"","protected":false},"excerpt":{"rendered":"","protected":false},"featured_media":0,"template":"","meta":[],"product_brand":[],"product_cat":[2865,2830],"product_tag":[],"class_list":{"0":"post-46305","1":"product","2":"type-product","3":"status-publish","5":"product_cat-aosmith-spares-fr","6":"product_cat-pieces-de-rechange","7":"pa_brand-aosmith-fr","9":"first","10":"instock","11":"taxable","12":"shipping-taxable","13":"purchasable","14":"product-type-simple"},"acf":[],"_links":{"self":[{"href":"https:\/\/www.molimextherm.com\/fr\/wp-json\/wp\/v2\/product\/46305","targetHints":{"allow":["GET"]}}],"collection":[{"href":"https:\/\/www.molimextherm.com\/fr\/wp-json\/wp\/v2\/product"}],"about":[{"href":"https:\/\/www.molimextherm.com\/fr\/wp-json\/wp\/v2\/types\/product"}],"wp:attachment":[{"href":"https:\/\/www.molimextherm.com\/fr\/wp-json\/wp\/v2\/media?parent=46305"}],"wp:term":[{"taxonomy":"product_brand","embeddable":true,"href":"https:\/\/www.molimextherm.com\/fr\/wp-json\/wp\/v2\/product_brand?post=46305"},{"taxonomy":"product_cat","embeddable":true,"href":"https:\/\/www.molimextherm.com\/fr\/wp-json\/wp\/v2\/product_cat?post=46305"},{"taxonomy":"product_tag","embeddable":true,"href":"https:\/\/www.molimextherm.com\/fr\/wp-json\/wp\/v2\/product_tag?post=46305"}],"curies":[{"name":"wp","href":"https:\/\/api.w.org\/{rel}","templated":true}]}}