{"id":47377,"date":"2024-03-04T11:27:34","date_gmt":"2024-03-04T10:27:34","guid":{"rendered":"https:\/\/dev.nortekhvac.eu\/product\/distribution-de-lelectricite-evacuation-des-eaux-usees\/"},"modified":"2024-10-16T09:36:19","modified_gmt":"2024-10-16T07:36:19","slug":"distribution-de-lelectricite-evacuation-des-eaux-usees","status":"publish","type":"product","link":"https:\/\/www.molimextherm.com\/fr\/produit\/distribution-de-lelectricite-evacuation-des-eaux-usees\/","title":{"rendered":"Distribution de l&rsquo;\u00e9lectricit\u00e9 + \u00e9vacuation des eaux us\u00e9es"},"content":{"rendered":"","protected":false},"excerpt":{"rendered":"","protected":false},"featured_media":0,"template":"","meta":[],"product_brand":[],"product_cat":[2877,2830],"product_tag":[],"class_list":{"0":"post-47377","1":"product","2":"type-product","3":"status-publish","5":"product_cat-gaz-industrie-spares-fr","6":"product_cat-pieces-de-rechange","7":"pa_brand-gaz-industrie-fr","9":"first","10":"instock","11":"taxable","12":"shipping-taxable","13":"purchasable","14":"product-type-simple"},"acf":[],"_links":{"self":[{"href":"https:\/\/www.molimextherm.com\/fr\/wp-json\/wp\/v2\/product\/47377","targetHints":{"allow":["GET"]}}],"collection":[{"href":"https:\/\/www.molimextherm.com\/fr\/wp-json\/wp\/v2\/product"}],"about":[{"href":"https:\/\/www.molimextherm.com\/fr\/wp-json\/wp\/v2\/types\/product"}],"wp:attachment":[{"href":"https:\/\/www.molimextherm.com\/fr\/wp-json\/wp\/v2\/media?parent=47377"}],"wp:term":[{"taxonomy":"product_brand","embeddable":true,"href":"https:\/\/www.molimextherm.com\/fr\/wp-json\/wp\/v2\/product_brand?post=47377"},{"taxonomy":"product_cat","embeddable":true,"href":"https:\/\/www.molimextherm.com\/fr\/wp-json\/wp\/v2\/product_cat?post=47377"},{"taxonomy":"product_tag","embeddable":true,"href":"https:\/\/www.molimextherm.com\/fr\/wp-json\/wp\/v2\/product_tag?post=47377"}],"curies":[{"name":"wp","href":"https:\/\/api.w.org\/{rel}","templated":true}]}}