{"id":47585,"date":"2024-03-04T11:26:15","date_gmt":"2024-03-04T10:26:15","guid":{"rendered":"https:\/\/dev.nortekhvac.eu\/product\/element-reflecteur-moitie-pour-btl22-1-3-btl23\/"},"modified":"2024-10-16T09:39:14","modified_gmt":"2024-10-16T07:39:14","slug":"element-reflecteur-moitie-pour-btl22-1-3-btl23","status":"publish","type":"product","link":"https:\/\/www.molimextherm.com\/fr\/produit\/element-reflecteur-moitie-pour-btl22-1-3-btl23\/","title":{"rendered":"\u00c9l\u00e9ment r\u00e9flecteur (moiti\u00e9) pour BTL22 (1\/3), BTL23"},"content":{"rendered":"","protected":false},"excerpt":{"rendered":"","protected":false},"featured_media":0,"template":"","meta":[],"product_brand":[],"product_cat":[2877,2830],"product_tag":[],"class_list":{"0":"post-47585","1":"product","2":"type-product","3":"status-publish","5":"product_cat-gaz-industrie-spares-fr","6":"product_cat-pieces-de-rechange","7":"pa_brand-gaz-industrie-fr","9":"first","10":"outofstock","11":"taxable","12":"shipping-taxable","13":"purchasable","14":"product-type-simple"},"acf":[],"_links":{"self":[{"href":"https:\/\/www.molimextherm.com\/fr\/wp-json\/wp\/v2\/product\/47585","targetHints":{"allow":["GET"]}}],"collection":[{"href":"https:\/\/www.molimextherm.com\/fr\/wp-json\/wp\/v2\/product"}],"about":[{"href":"https:\/\/www.molimextherm.com\/fr\/wp-json\/wp\/v2\/types\/product"}],"wp:attachment":[{"href":"https:\/\/www.molimextherm.com\/fr\/wp-json\/wp\/v2\/media?parent=47585"}],"wp:term":[{"taxonomy":"product_brand","embeddable":true,"href":"https:\/\/www.molimextherm.com\/fr\/wp-json\/wp\/v2\/product_brand?post=47585"},{"taxonomy":"product_cat","embeddable":true,"href":"https:\/\/www.molimextherm.com\/fr\/wp-json\/wp\/v2\/product_cat?post=47585"},{"taxonomy":"product_tag","embeddable":true,"href":"https:\/\/www.molimextherm.com\/fr\/wp-json\/wp\/v2\/product_tag?post=47585"}],"curies":[{"name":"wp","href":"https:\/\/api.w.org\/{rel}","templated":true}]}}