{"id":47587,"date":"2024-03-04T11:22:04","date_gmt":"2024-03-04T10:22:04","guid":{"rendered":"https:\/\/dev.nortekhvac.eu\/product\/ensemble-de-mesures-pour-les-systemes-a-base-de-cerat\/"},"modified":"2024-10-16T09:39:15","modified_gmt":"2024-10-16T07:39:15","slug":"ensemble-de-mesures-pour-les-systemes-a-base-de-cerat","status":"publish","type":"product","link":"https:\/\/www.molimextherm.com\/fr\/produit\/ensemble-de-mesures-pour-les-systemes-a-base-de-cerat\/","title":{"rendered":"Kit joint \u00e9tanch\u00e9it\u00e9 pour Cera system"},"content":{"rendered":"","protected":false},"excerpt":{"rendered":"","protected":false},"featured_media":51735,"template":"","meta":[],"product_brand":[],"product_cat":[2877,3478,2830],"product_tag":[],"class_list":{"0":"post-47587","1":"product","2":"type-product","3":"status-publish","4":"has-post-thumbnail","6":"product_cat-gaz-industrie-spares-fr","7":"product_cat-cera-fr","8":"product_cat-pieces-de-rechange","9":"pa_brand-gaz-industrie-fr","10":"pa_range-series-cs-fr","12":"first","13":"instock","14":"taxable","15":"shipping-taxable","16":"purchasable","17":"product-type-simple"},"acf":[],"_links":{"self":[{"href":"https:\/\/www.molimextherm.com\/fr\/wp-json\/wp\/v2\/product\/47587","targetHints":{"allow":["GET"]}}],"collection":[{"href":"https:\/\/www.molimextherm.com\/fr\/wp-json\/wp\/v2\/product"}],"about":[{"href":"https:\/\/www.molimextherm.com\/fr\/wp-json\/wp\/v2\/types\/product"}],"wp:featuredmedia":[{"embeddable":true,"href":"https:\/\/www.molimextherm.com\/fr\/wp-json\/wp\/v2\/media\/51735"}],"wp:attachment":[{"href":"https:\/\/www.molimextherm.com\/fr\/wp-json\/wp\/v2\/media?parent=47587"}],"wp:term":[{"taxonomy":"product_brand","embeddable":true,"href":"https:\/\/www.molimextherm.com\/fr\/wp-json\/wp\/v2\/product_brand?post=47587"},{"taxonomy":"product_cat","embeddable":true,"href":"https:\/\/www.molimextherm.com\/fr\/wp-json\/wp\/v2\/product_cat?post=47587"},{"taxonomy":"product_tag","embeddable":true,"href":"https:\/\/www.molimextherm.com\/fr\/wp-json\/wp\/v2\/product_tag?post=47587"}],"curies":[{"name":"wp","href":"https:\/\/api.w.org\/{rel}","templated":true}]}}