{"id":47603,"date":"2024-03-04T11:26:26","date_gmt":"2024-03-04T10:26:26","guid":{"rendered":"https:\/\/dev.nortekhvac.eu\/product\/dispositif-detancheite-pour-stralende-et-cera-systeem\/"},"modified":"2024-10-16T09:39:24","modified_gmt":"2024-10-16T07:39:24","slug":"dispositif-detancheite-pour-stralende-et-cera-systeem","status":"publish","type":"product","link":"https:\/\/www.molimextherm.com\/fr\/produit\/dispositif-detancheite-pour-stralende-et-cera-systeem\/","title":{"rendered":"Dispositif d&rsquo;\u00e9tanch\u00e9it\u00e9 pour stralende et Cera-systeem"},"content":{"rendered":"","protected":false},"excerpt":{"rendered":"","protected":false},"featured_media":0,"template":"","meta":[],"product_brand":[],"product_cat":[2877,3472,2830],"product_tag":[],"class_list":{"0":"post-47603","1":"product","2":"type-product","3":"status-publish","5":"product_cat-gaz-industrie-spares-fr","6":"product_cat-bt-fr","7":"product_cat-pieces-de-rechange","8":"pa_brand-gaz-industrie-fr","9":"pa_model-number-bt17-fr","10":"pa_range-series-bt-fr","12":"first","13":"instock","14":"taxable","15":"shipping-taxable","16":"purchasable","17":"product-type-simple"},"acf":[],"_links":{"self":[{"href":"https:\/\/www.molimextherm.com\/fr\/wp-json\/wp\/v2\/product\/47603","targetHints":{"allow":["GET"]}}],"collection":[{"href":"https:\/\/www.molimextherm.com\/fr\/wp-json\/wp\/v2\/product"}],"about":[{"href":"https:\/\/www.molimextherm.com\/fr\/wp-json\/wp\/v2\/types\/product"}],"wp:attachment":[{"href":"https:\/\/www.molimextherm.com\/fr\/wp-json\/wp\/v2\/media?parent=47603"}],"wp:term":[{"taxonomy":"product_brand","embeddable":true,"href":"https:\/\/www.molimextherm.com\/fr\/wp-json\/wp\/v2\/product_brand?post=47603"},{"taxonomy":"product_cat","embeddable":true,"href":"https:\/\/www.molimextherm.com\/fr\/wp-json\/wp\/v2\/product_cat?post=47603"},{"taxonomy":"product_tag","embeddable":true,"href":"https:\/\/www.molimextherm.com\/fr\/wp-json\/wp\/v2\/product_tag?post=47603"}],"curies":[{"name":"wp","href":"https:\/\/api.w.org\/{rel}","templated":true}]}}