{"id":47621,"date":"2024-03-04T11:26:16","date_gmt":"2024-03-04T10:26:16","guid":{"rendered":"https:\/\/dev.nortekhvac.eu\/product\/element-reflecteur-demi-pour-btl-33-50-34-51\/"},"modified":"2024-10-16T09:39:39","modified_gmt":"2024-10-16T07:39:39","slug":"element-reflecteur-demi-pour-btl-33-50-34-51","status":"publish","type":"product","link":"https:\/\/www.molimextherm.com\/fr\/produit\/element-reflecteur-demi-pour-btl-33-50-34-51\/","title":{"rendered":"\u00c9l\u00e9ment r\u00e9flecteur (demi) pour BTL 33\/50\/34\/51"},"content":{"rendered":"","protected":false},"excerpt":{"rendered":"","protected":false},"featured_media":0,"template":"","meta":[],"product_brand":[],"product_cat":[2877,2830],"product_tag":[],"class_list":{"0":"post-47621","1":"product","2":"type-product","3":"status-publish","5":"product_cat-gaz-industrie-spares-fr","6":"product_cat-pieces-de-rechange","7":"pa_brand-gaz-industrie-fr","9":"first","10":"outofstock","11":"taxable","12":"shipping-taxable","13":"purchasable","14":"product-type-simple"},"acf":[],"_links":{"self":[{"href":"https:\/\/www.molimextherm.com\/fr\/wp-json\/wp\/v2\/product\/47621","targetHints":{"allow":["GET"]}}],"collection":[{"href":"https:\/\/www.molimextherm.com\/fr\/wp-json\/wp\/v2\/product"}],"about":[{"href":"https:\/\/www.molimextherm.com\/fr\/wp-json\/wp\/v2\/types\/product"}],"wp:attachment":[{"href":"https:\/\/www.molimextherm.com\/fr\/wp-json\/wp\/v2\/media?parent=47621"}],"wp:term":[{"taxonomy":"product_brand","embeddable":true,"href":"https:\/\/www.molimextherm.com\/fr\/wp-json\/wp\/v2\/product_brand?post=47621"},{"taxonomy":"product_cat","embeddable":true,"href":"https:\/\/www.molimextherm.com\/fr\/wp-json\/wp\/v2\/product_cat?post=47621"},{"taxonomy":"product_tag","embeddable":true,"href":"https:\/\/www.molimextherm.com\/fr\/wp-json\/wp\/v2\/product_tag?post=47621"}],"curies":[{"name":"wp","href":"https:\/\/api.w.org\/{rel}","templated":true}]}}