{"id":47626,"date":"2024-02-20T10:37:14","date_gmt":"2024-02-20T09:37:14","guid":{"rendered":"https:\/\/dev.nortekhvac.eu\/product\/elegant\/"},"modified":"2024-09-11T11:11:21","modified_gmt":"2024-09-11T09:11:21","slug":"elegant","status":"publish","type":"product","link":"https:\/\/www.molimextherm.com\/fr\/produit\/elegant\/","title":{"rendered":"Elegant"},"content":{"rendered":"<p>Avec les climatiseurs Sabiana ELEGANT ECM, vous pouvez, \u00e0 des prix tr\u00e8s avantageux, chauffer et climatiser des locaux de petite et moyenne taille, tels que des magasins, des salles d&rsquo;exposition, des lieux de travail et des supermarch\u00e9s.<br \/>\nL&rsquo;assortiment comprend 12 mod\u00e8les : 8 mod\u00e8les RE-ECM, uniquement pour le r\u00e9chauffement, et 4 mod\u00e8les PE-ECM, pour le r\u00e9chauffement et le refroidissement. Tous les mod\u00e8les sont con\u00e7us pour un montage en plafond et pour une alimentation en eau chaude\/eau froide.<br \/>\nLa s\u00e9rie Elegant fait appel \u00e0 un moteur \u00e9lectrique synchrone \u00e0 borstelloze innovant, dot\u00e9 d&rsquo;un aimant permanent et d&rsquo;une carte d&rsquo;onduleur dont les raccordements \u00e0 l&rsquo;appareil sont install\u00e9s en usine.<br \/>\nLes puissances calorifiques varient de 6 \u00e0 26 kW et les capacit\u00e9s de chauffage de 4 \u00e0 10 kW.<\/p>\n","protected":false},"excerpt":{"rendered":"<p>Sabiana &#8211; Climatiseurs ELEGANT ECM<\/p>\n","protected":false},"featured_media":47941,"template":"","meta":[],"product_brand":[],"product_cat":[2885,2902,2848,2884],"product_tag":[],"class_list":{"0":"post-47626","1":"product","2":"type-product","3":"status-publish","4":"has-post-thumbnail","6":"product_cat-chauffage-refroidissement","7":"product_cat-chauffage-refroidissement-fr","8":"product_cat-produits","9":"product_cat-sabiana-fr","11":"first","12":"outofstock","13":"taxable","14":"shipping-taxable","15":"product-type-grouped"},"acf":[],"_links":{"self":[{"href":"https:\/\/www.molimextherm.com\/fr\/wp-json\/wp\/v2\/product\/47626","targetHints":{"allow":["GET"]}}],"collection":[{"href":"https:\/\/www.molimextherm.com\/fr\/wp-json\/wp\/v2\/product"}],"about":[{"href":"https:\/\/www.molimextherm.com\/fr\/wp-json\/wp\/v2\/types\/product"}],"wp:featuredmedia":[{"embeddable":true,"href":"https:\/\/www.molimextherm.com\/fr\/wp-json\/wp\/v2\/media\/47941"}],"wp:attachment":[{"href":"https:\/\/www.molimextherm.com\/fr\/wp-json\/wp\/v2\/media?parent=47626"}],"wp:term":[{"taxonomy":"product_brand","embeddable":true,"href":"https:\/\/www.molimextherm.com\/fr\/wp-json\/wp\/v2\/product_brand?post=47626"},{"taxonomy":"product_cat","embeddable":true,"href":"https:\/\/www.molimextherm.com\/fr\/wp-json\/wp\/v2\/product_cat?post=47626"},{"taxonomy":"product_tag","embeddable":true,"href":"https:\/\/www.molimextherm.com\/fr\/wp-json\/wp\/v2\/product_tag?post=47626"}],"curies":[{"name":"wp","href":"https:\/\/api.w.org\/{rel}","templated":true}]}}