{"id":47628,"date":"2024-02-20T10:34:56","date_gmt":"2024-02-20T09:34:56","guid":{"rendered":"https:\/\/dev.nortekhvac.eu\/product\/theta\/"},"modified":"2024-09-11T11:11:21","modified_gmt":"2024-09-11T09:11:21","slug":"theta","status":"publish","type":"product","link":"https:\/\/www.molimextherm.com\/fr\/produit\/theta\/","title":{"rendered":"Th\u00eata"},"content":{"rendered":"<p>Theta Dual Service est le seul moyen dont dispose A.O. Smith pour faire passer les outils RH BFC, SGE et SGS aussi bien pour le r\u00e9chauffement que pour l&rsquo;eau chaude. L&rsquo;installation de l&rsquo;appareil peut \u00eatre r\u00e9alis\u00e9e \u00e0 l&rsquo;aide d&rsquo;une table et d&rsquo;une armoire.<\/p>\n","protected":false},"excerpt":{"rendered":"<p>A.O.Smith &#8211; Theta Dual Service<\/p>\n","protected":false},"featured_media":0,"template":"","meta":[],"product_brand":[],"product_cat":[2887],"product_tag":[],"class_list":{"0":"post-47628","1":"product","2":"type-product","3":"status-publish","5":"product_cat-conduits-de-fumee-et-accessoires-fr-2","7":"first","8":"outofstock","9":"taxable","10":"shipping-taxable","11":"product-type-simple"},"acf":[],"_links":{"self":[{"href":"https:\/\/www.molimextherm.com\/fr\/wp-json\/wp\/v2\/product\/47628","targetHints":{"allow":["GET"]}}],"collection":[{"href":"https:\/\/www.molimextherm.com\/fr\/wp-json\/wp\/v2\/product"}],"about":[{"href":"https:\/\/www.molimextherm.com\/fr\/wp-json\/wp\/v2\/types\/product"}],"wp:attachment":[{"href":"https:\/\/www.molimextherm.com\/fr\/wp-json\/wp\/v2\/media?parent=47628"}],"wp:term":[{"taxonomy":"product_brand","embeddable":true,"href":"https:\/\/www.molimextherm.com\/fr\/wp-json\/wp\/v2\/product_brand?post=47628"},{"taxonomy":"product_cat","embeddable":true,"href":"https:\/\/www.molimextherm.com\/fr\/wp-json\/wp\/v2\/product_cat?post=47628"},{"taxonomy":"product_tag","embeddable":true,"href":"https:\/\/www.molimextherm.com\/fr\/wp-json\/wp\/v2\/product_tag?post=47628"}],"curies":[{"name":"wp","href":"https:\/\/api.w.org\/{rel}","templated":true}]}}