{"id":47630,"date":"2024-02-20T10:30:18","date_gmt":"2024-02-20T09:30:18","guid":{"rendered":"https:\/\/dev.nortekhvac.eu\/product\/st\/"},"modified":"2024-09-11T11:11:22","modified_gmt":"2024-09-11T09:11:22","slug":"st","status":"publish","type":"product","link":"https:\/\/www.molimextherm.com\/fr\/produit\/st\/","title":{"rendered":"ST"},"content":{"rendered":"<p>La s\u00e9rie IT est compos\u00e9e de chaudi\u00e8res indirectes avec 1 chauffe-eau dans diff\u00e9rentes versions et capacit\u00e9s. Un IT peut \u00eatre utilis\u00e9 en combinaison avec un syst\u00e8me de zonage SGS, mais il peut \u00e9galement \u00eatre utilis\u00e9 pour l&rsquo;installation d&rsquo;une meilleure installation dans un syst\u00e8me de zonage, un syst\u00e8me de zonage indirect ou un syst\u00e8me de zonage de base. L&rsquo;IT peut \u00e9galement \u00eatre utilis\u00e9 dans les installations \u00e0 chaud ou comme tampon dans tout autre type d&rsquo;installation.<\/p>\n","protected":false},"excerpt":{"rendered":"<p>A.O.Smith &#8211; voorraadvat IT<\/p>\n","protected":false},"featured_media":0,"template":"","meta":[],"product_brand":[],"product_cat":[2887],"product_tag":[],"class_list":{"0":"post-47630","1":"product","2":"type-product","3":"status-publish","5":"product_cat-conduits-de-fumee-et-accessoires-fr-2","7":"first","8":"outofstock","9":"taxable","10":"shipping-taxable","11":"product-type-simple"},"acf":[],"_links":{"self":[{"href":"https:\/\/www.molimextherm.com\/fr\/wp-json\/wp\/v2\/product\/47630","targetHints":{"allow":["GET"]}}],"collection":[{"href":"https:\/\/www.molimextherm.com\/fr\/wp-json\/wp\/v2\/product"}],"about":[{"href":"https:\/\/www.molimextherm.com\/fr\/wp-json\/wp\/v2\/types\/product"}],"wp:attachment":[{"href":"https:\/\/www.molimextherm.com\/fr\/wp-json\/wp\/v2\/media?parent=47630"}],"wp:term":[{"taxonomy":"product_brand","embeddable":true,"href":"https:\/\/www.molimextherm.com\/fr\/wp-json\/wp\/v2\/product_brand?post=47630"},{"taxonomy":"product_cat","embeddable":true,"href":"https:\/\/www.molimextherm.com\/fr\/wp-json\/wp\/v2\/product_cat?post=47630"},{"taxonomy":"product_tag","embeddable":true,"href":"https:\/\/www.molimextherm.com\/fr\/wp-json\/wp\/v2\/product_tag?post=47630"}],"curies":[{"name":"wp","href":"https:\/\/api.w.org\/{rel}","templated":true}]}}