{"id":47634,"date":"2024-02-20T10:06:53","date_gmt":"2024-02-20T09:06:53","guid":{"rendered":"https:\/\/dev.nortekhvac.eu\/product\/cr\/"},"modified":"2024-09-11T11:11:22","modified_gmt":"2024-09-11T09:11:22","slug":"cr","status":"publish","type":"product","link":"https:\/\/www.molimextherm.com\/fr\/produit\/cr\/","title":{"rendered":"CR"},"content":{"rendered":"<p>Les a\u00e9rothermes Sonniger CR sont id\u00e9aux pour les applications commerciales et industrielles. Les unit\u00e9s CR sont ultra l\u00e9g\u00e8res et parfaites pour une utilisation avec de l&rsquo;eau chaude produite par des chaudi\u00e8res \u00e0 biomasse, des chaudi\u00e8res \u00e0 gaz ou des chaudi\u00e8res \u00e0 mazout.<\/p>\n<p>Le poids extr\u00eamement faible du produit est d\u00fb \u00e0 sa conception unique. Fabriqu\u00e9 en polypropyl\u00e8ne expans\u00e9, il p\u00e8se jusqu&rsquo;\u00e0 5 fois moins qu&rsquo;un a\u00e9rotherme en acier, ce qui le rend tr\u00e8s facile \u00e0 installer et plus respectueux de l&rsquo;environnement.<\/p>\n","protected":false},"excerpt":{"rendered":"<p>L\u00e9gers et respectueux de l&rsquo;environnement, les a\u00e9rothermes Sonniger CR sont parfaits pour les applications commerciales ou industrielles.<\/p>\n","protected":false},"featured_media":47889,"template":"","meta":[],"product_brand":[],"product_cat":[2852,2848,2889],"product_tag":[],"class_list":{"0":"post-47634","1":"product","2":"type-product","3":"status-publish","4":"has-post-thumbnail","6":"product_cat-aerothermes-a-air-chaud-fr","7":"product_cat-produits","8":"product_cat-sonniger-fr","10":"first","11":"outofstock","12":"taxable","13":"shipping-taxable","14":"product-type-grouped"},"acf":[],"_links":{"self":[{"href":"https:\/\/www.molimextherm.com\/fr\/wp-json\/wp\/v2\/product\/47634","targetHints":{"allow":["GET"]}}],"collection":[{"href":"https:\/\/www.molimextherm.com\/fr\/wp-json\/wp\/v2\/product"}],"about":[{"href":"https:\/\/www.molimextherm.com\/fr\/wp-json\/wp\/v2\/types\/product"}],"wp:featuredmedia":[{"embeddable":true,"href":"https:\/\/www.molimextherm.com\/fr\/wp-json\/wp\/v2\/media\/47889"}],"wp:attachment":[{"href":"https:\/\/www.molimextherm.com\/fr\/wp-json\/wp\/v2\/media?parent=47634"}],"wp:term":[{"taxonomy":"product_brand","embeddable":true,"href":"https:\/\/www.molimextherm.com\/fr\/wp-json\/wp\/v2\/product_brand?post=47634"},{"taxonomy":"product_cat","embeddable":true,"href":"https:\/\/www.molimextherm.com\/fr\/wp-json\/wp\/v2\/product_cat?post=47634"},{"taxonomy":"product_tag","embeddable":true,"href":"https:\/\/www.molimextherm.com\/fr\/wp-json\/wp\/v2\/product_tag?post=47634"}],"curies":[{"name":"wp","href":"https:\/\/api.w.org\/{rel}","templated":true}]}}