{"id":47636,"date":"2024-02-20T09:55:42","date_gmt":"2024-02-20T08:55:42","guid":{"rendered":"https:\/\/dev.nortekhvac.eu\/product\/its\/"},"modified":"2024-09-11T11:11:22","modified_gmt":"2024-09-11T09:11:22","slug":"its","status":"publish","type":"product","link":"https:\/\/www.molimextherm.com\/fr\/produit\/its\/","title":{"rendered":"ITS"},"content":{"rendered":"<p>L&rsquo;ITS est une chaudi\u00e8re indirecte avec 2 chauffe-eau. Cette chaudi\u00e8re est disponible en plusieurs versions et capacit\u00e9s. Cette chaudi\u00e8re peut \u00e9galement \u00eatre utilis\u00e9e pour le passage d&rsquo;un syst\u00e8me \u00e0 eau chaude \u00e0 un syst\u00e8me \u00e0 eau chaude indirect.<\/p>\n","protected":false},"excerpt":{"rendered":"<p>A.O.Smith &#8211; une chaudi\u00e8re indirecte ITS<\/p>\n","protected":false},"featured_media":47865,"template":"","meta":[],"product_brand":[],"product_cat":[2892,2893,2848],"product_tag":[],"class_list":{"0":"post-47636","1":"product","2":"type-product","3":"status-publish","4":"has-post-thumbnail","6":"product_cat-chaudieres","7":"product_cat-chaudieres-fr","8":"product_cat-produits","10":"first","11":"outofstock","12":"taxable","13":"shipping-taxable","14":"product-type-grouped"},"acf":[],"_links":{"self":[{"href":"https:\/\/www.molimextherm.com\/fr\/wp-json\/wp\/v2\/product\/47636","targetHints":{"allow":["GET"]}}],"collection":[{"href":"https:\/\/www.molimextherm.com\/fr\/wp-json\/wp\/v2\/product"}],"about":[{"href":"https:\/\/www.molimextherm.com\/fr\/wp-json\/wp\/v2\/types\/product"}],"wp:featuredmedia":[{"embeddable":true,"href":"https:\/\/www.molimextherm.com\/fr\/wp-json\/wp\/v2\/media\/47865"}],"wp:attachment":[{"href":"https:\/\/www.molimextherm.com\/fr\/wp-json\/wp\/v2\/media?parent=47636"}],"wp:term":[{"taxonomy":"product_brand","embeddable":true,"href":"https:\/\/www.molimextherm.com\/fr\/wp-json\/wp\/v2\/product_brand?post=47636"},{"taxonomy":"product_cat","embeddable":true,"href":"https:\/\/www.molimextherm.com\/fr\/wp-json\/wp\/v2\/product_cat?post=47636"},{"taxonomy":"product_tag","embeddable":true,"href":"https:\/\/www.molimextherm.com\/fr\/wp-json\/wp\/v2\/product_tag?post=47636"}],"curies":[{"name":"wp","href":"https:\/\/api.w.org\/{rel}","templated":true}]}}