{"id":47638,"date":"2024-02-20T09:54:51","date_gmt":"2024-02-20T08:54:51","guid":{"rendered":"https:\/\/dev.nortekhvac.eu\/product\/it\/"},"modified":"2024-09-11T11:11:23","modified_gmt":"2024-09-11T09:11:23","slug":"it","status":"publish","type":"product","link":"https:\/\/www.molimextherm.com\/fr\/produit\/it\/","title":{"rendered":"IT"},"content":{"rendered":"<p>L&rsquo;IT est une chaudi\u00e8re indirecte avec 1 chauffe-eau qui est con\u00e7ue pour pratiquement toutes les applications, comme la chaudi\u00e8re \u00e0 gaz de zone SGS d&rsquo;A.O. Smith. Les technologies de l&rsquo;information peuvent \u00e9galement \u00eatre utilis\u00e9es afin de mettre en place un syst\u00e8me de meilleure qualit\u00e9 avec de l&rsquo;\u00e9nergie thermique \u00e0 effet de serre.<\/p>\n","protected":false},"excerpt":{"rendered":"<p>A.O.Smith &#8211; une chaudi\u00e8re indirecte IT<\/p>\n","protected":false},"featured_media":47865,"template":"","meta":[],"product_brand":[],"product_cat":[2892,2893,2848],"product_tag":[],"class_list":{"0":"post-47638","1":"product","2":"type-product","3":"status-publish","4":"has-post-thumbnail","6":"product_cat-chaudieres","7":"product_cat-chaudieres-fr","8":"product_cat-produits","10":"first","11":"outofstock","12":"taxable","13":"shipping-taxable","14":"product-type-grouped"},"acf":[],"_links":{"self":[{"href":"https:\/\/www.molimextherm.com\/fr\/wp-json\/wp\/v2\/product\/47638","targetHints":{"allow":["GET"]}}],"collection":[{"href":"https:\/\/www.molimextherm.com\/fr\/wp-json\/wp\/v2\/product"}],"about":[{"href":"https:\/\/www.molimextherm.com\/fr\/wp-json\/wp\/v2\/types\/product"}],"wp:featuredmedia":[{"embeddable":true,"href":"https:\/\/www.molimextherm.com\/fr\/wp-json\/wp\/v2\/media\/47865"}],"wp:attachment":[{"href":"https:\/\/www.molimextherm.com\/fr\/wp-json\/wp\/v2\/media?parent=47638"}],"wp:term":[{"taxonomy":"product_brand","embeddable":true,"href":"https:\/\/www.molimextherm.com\/fr\/wp-json\/wp\/v2\/product_brand?post=47638"},{"taxonomy":"product_cat","embeddable":true,"href":"https:\/\/www.molimextherm.com\/fr\/wp-json\/wp\/v2\/product_cat?post=47638"},{"taxonomy":"product_tag","embeddable":true,"href":"https:\/\/www.molimextherm.com\/fr\/wp-json\/wp\/v2\/product_tag?post=47638"}],"curies":[{"name":"wp","href":"https:\/\/api.w.org\/{rel}","templated":true}]}}