{"id":47646,"date":"2024-02-20T10:03:18","date_gmt":"2024-02-20T09:03:18","guid":{"rendered":"https:\/\/dev.nortekhvac.eu\/product\/atlas-ecm\/"},"modified":"2024-09-11T11:11:23","modified_gmt":"2024-09-11T09:11:23","slug":"atlas-ecm","status":"publish","type":"product","link":"https:\/\/www.molimextherm.com\/fr\/produit\/atlas-ecm\/","title":{"rendered":"Atlas-ECM"},"content":{"rendered":"<p>Les appareils de chauffage Atlas sont fabriqu\u00e9s en 10 mod\u00e8les, avec une puissance de chauffage de 5 \u00e0 120 kW, et sont \u00e9quip\u00e9s de 1 pile pour les syst\u00e8mes d&rsquo;eau chaude ou froide, de 2 piles pour les syst\u00e8mes d&rsquo;eau chaude et de 3 piles pour les syst\u00e8mes d&rsquo;eau \u00e0 basse temp\u00e9rature. les hommes des syst\u00e8mes d&rsquo;eau chaude. Il est possible d&rsquo;agir aussi bien sur le terrain que sur le plafond. Un assortiment complet d&rsquo;accessoires vous permet d&rsquo;obtenir un r\u00e9sultat optimal dans toutes les situations.<\/p>\n<p>Les luchtverhitters d&rsquo;Atlas ont \u00e9t\u00e9 con\u00e7us et fabriqu\u00e9s \u00e0 chaud pour le chauffage d&rsquo;entreprises industrielles. La forme du corps (standard) avec un diam\u00e8tre (\u00d8 22 mm) et l&rsquo;ajustement parfait entre le corps de lit et le corps de chauffe garantissent une longue dur\u00e9e de vie et un grand confort.  <\/p>\n","protected":false},"excerpt":{"rendered":"<p>Sabiana &#8211; distributeur d&rsquo;eau de pluie ATLAS-ECM<\/p>\n","protected":false},"featured_media":41947,"template":"","meta":[],"product_brand":[],"product_cat":[2852,2895,2848,2884],"product_tag":[],"class_list":{"0":"post-47646","1":"product","2":"type-product","3":"status-publish","4":"has-post-thumbnail","6":"product_cat-aerothermes-a-air-chaud-fr","7":"product_cat-aerothermes-a-air-chaud-fr-2","8":"product_cat-produits","9":"product_cat-sabiana-fr","11":"first","12":"outofstock","13":"taxable","14":"shipping-taxable","15":"product-type-grouped"},"acf":[],"_links":{"self":[{"href":"https:\/\/www.molimextherm.com\/fr\/wp-json\/wp\/v2\/product\/47646","targetHints":{"allow":["GET"]}}],"collection":[{"href":"https:\/\/www.molimextherm.com\/fr\/wp-json\/wp\/v2\/product"}],"about":[{"href":"https:\/\/www.molimextherm.com\/fr\/wp-json\/wp\/v2\/types\/product"}],"wp:featuredmedia":[{"embeddable":true,"href":"https:\/\/www.molimextherm.com\/fr\/wp-json\/wp\/v2\/media\/41947"}],"wp:attachment":[{"href":"https:\/\/www.molimextherm.com\/fr\/wp-json\/wp\/v2\/media?parent=47646"}],"wp:term":[{"taxonomy":"product_brand","embeddable":true,"href":"https:\/\/www.molimextherm.com\/fr\/wp-json\/wp\/v2\/product_brand?post=47646"},{"taxonomy":"product_cat","embeddable":true,"href":"https:\/\/www.molimextherm.com\/fr\/wp-json\/wp\/v2\/product_cat?post=47646"},{"taxonomy":"product_tag","embeddable":true,"href":"https:\/\/www.molimextherm.com\/fr\/wp-json\/wp\/v2\/product_tag?post=47646"}],"curies":[{"name":"wp","href":"https:\/\/api.w.org\/{rel}","templated":true}]}}