{"id":47650,"date":"2024-02-20T09:47:59","date_gmt":"2024-02-20T08:47:59","guid":{"rendered":"https:\/\/dev.nortekhvac.eu\/product\/innovo\/"},"modified":"2024-09-11T11:11:23","modified_gmt":"2024-09-11T09:11:23","slug":"innovo","status":"publish","type":"product","link":"https:\/\/www.molimextherm.com\/fr\/produit\/innovo\/","title":{"rendered":"Innovo"},"content":{"rendered":"<p>A.O. Smith a mis son expertise au service des chaudi\u00e8res \u00e0 gaz \u00e0 condensation \u00e0 haut rendement \u00e9nerg\u00e9tique, mais aussi des petites et moyennes entreprises. Avec l&rsquo;introduction de l&rsquo;Innovo, la gamme est de plus en plus compl\u00e8te et constitue pour chaque situation la solution id\u00e9ale pour l&rsquo;\u00e9vacuation de l&rsquo;eau chaude par condensation.<\/p>\n<p>La gamme Innovo comprend 9 chaudi\u00e8res \u00e0 gaz \u00e0 haut rendement avec une puissance variant de 11,7 \u00e0 31,3 kW et une capacit\u00e9 de 160 \u00e0 380 litres. En fonction de l&rsquo;outil, les capacit\u00e9s XL \u00e0 XXL peuvent \u00eatre am\u00e9lior\u00e9es et le taux d&rsquo;ErP varie de 90 \u00e0 94 %.<\/p>\n","protected":false},"excerpt":{"rendered":"<p>A.O.Smith &#8211; Chaudi\u00e8re HR \u00e0 condensation \u00e0 gaz Innovo<\/p>\n","protected":false},"featured_media":47862,"template":"","meta":[],"product_brand":[],"product_cat":[2892,2893,2848],"product_tag":[],"class_list":{"0":"post-47650","1":"product","2":"type-product","3":"status-publish","4":"has-post-thumbnail","6":"product_cat-chaudieres","7":"product_cat-chaudieres-fr","8":"product_cat-produits","10":"first","11":"outofstock","12":"taxable","13":"shipping-taxable","14":"product-type-grouped"},"acf":[],"_links":{"self":[{"href":"https:\/\/www.molimextherm.com\/fr\/wp-json\/wp\/v2\/product\/47650","targetHints":{"allow":["GET"]}}],"collection":[{"href":"https:\/\/www.molimextherm.com\/fr\/wp-json\/wp\/v2\/product"}],"about":[{"href":"https:\/\/www.molimextherm.com\/fr\/wp-json\/wp\/v2\/types\/product"}],"wp:featuredmedia":[{"embeddable":true,"href":"https:\/\/www.molimextherm.com\/fr\/wp-json\/wp\/v2\/media\/47862"}],"wp:attachment":[{"href":"https:\/\/www.molimextherm.com\/fr\/wp-json\/wp\/v2\/media?parent=47650"}],"wp:term":[{"taxonomy":"product_brand","embeddable":true,"href":"https:\/\/www.molimextherm.com\/fr\/wp-json\/wp\/v2\/product_brand?post=47650"},{"taxonomy":"product_cat","embeddable":true,"href":"https:\/\/www.molimextherm.com\/fr\/wp-json\/wp\/v2\/product_cat?post=47650"},{"taxonomy":"product_tag","embeddable":true,"href":"https:\/\/www.molimextherm.com\/fr\/wp-json\/wp\/v2\/product_tag?post=47650"}],"curies":[{"name":"wp","href":"https:\/\/api.w.org\/{rel}","templated":true}]}}