{"id":47652,"date":"2024-02-19T17:31:28","date_gmt":"2024-02-19T16:31:28","guid":{"rendered":"https:\/\/dev.nortekhvac.eu\/product\/enevator\/"},"modified":"2024-09-11T11:11:24","modified_gmt":"2024-09-11T09:11:24","slug":"enevator","status":"publish","type":"product","link":"https:\/\/www.molimextherm.com\/fr\/produit\/enevator\/","title":{"rendered":"Enevator"},"content":{"rendered":"<p>La plus grande chaudi\u00e8re \u00e0 eau chaude d&rsquo;Europe. L&rsquo;Enevator Store dispose d&rsquo;un r\u00e9servoir de 455 litres et d&rsquo;une puissance de 8 kW, ce qui permet de r\u00e9aliser une tr\u00e8s grande capacit\u00e9 de stockage.<br \/>\nL&rsquo;installation de cette chaudi\u00e8re \u00e0 thermopompe est tr\u00e8s simple car elle ne comporte qu&rsquo;une seule unit\u00e9 (monobloc). Le r\u00e9servoir et le v\u00eatement de protection contre le froid sont tr\u00e8s \u00e9loign\u00e9s l&rsquo;un de l&rsquo;autre. Ainsi, les pompes \u00e0 eau et \u00e0 condensats s&rsquo;ouvrent, s&rsquo;ouvrent et s&rsquo;ouvrent !<\/p>\n<p>Le magasin Enevator a 3 stands : Efficacit\u00e9, Hybride et \u00c9lectrique.  <\/p>\n<p>L&rsquo;Enevator Store fonctionne de la mani\u00e8re la plus efficace en mode Efficacit\u00e9. Dans ce cas, l&rsquo;utilisation de l&rsquo;instrument de mesure de la chaleur est g\u00e9n\u00e9ralis\u00e9e. Le mode d&rsquo;efficacit\u00e9 est tout \u00e0 fait satisfaisant lorsqu&rsquo;une ou deux heures par jour sont consacr\u00e9es \u00e0 l&rsquo;eau chaude et que le reste de la journ\u00e9e est consacr\u00e9 \u00e0 l&rsquo;eau froide pour la r\u00e9chauffer. Le syst\u00e8me de secours \u00e9lectrique ne fonctionne pas si la temp\u00e9rature de l&rsquo;appareil n&rsquo;est pas trop \u00e9lev\u00e9e par rapport \u00e0 la temp\u00e9rature ambiante.<br \/>\nLe mode hybride offre un confort optimal. L&rsquo;appareil s&rsquo;appuie sur le robinet et utilise un \u00e9l\u00e9ment \u00e9lectrique qui permet d&rsquo;obtenir de l&rsquo;eau chaude dans le r\u00e9servoir \u00e0 un niveau inf\u00e9rieur \u00e0 celui pr\u00e9vu, afin de ne pas perdre de vue que l&rsquo;eau chaude est toujours pr\u00e9sente dans le r\u00e9servoir.<\/p>\n","protected":false},"excerpt":{"rendered":"<p>A.O.Smith &#8211; warmtepomp boiler Enevator Store<\/p>\n","protected":false},"featured_media":47916,"template":"","meta":[],"product_brand":[],"product_cat":[2892,2893,2848],"product_tag":[],"class_list":{"0":"post-47652","1":"product","2":"type-product","3":"status-publish","4":"has-post-thumbnail","6":"product_cat-chaudieres","7":"product_cat-chaudieres-fr","8":"product_cat-produits","10":"first","11":"outofstock","12":"taxable","13":"shipping-taxable","14":"product-type-grouped"},"acf":[],"_links":{"self":[{"href":"https:\/\/www.molimextherm.com\/fr\/wp-json\/wp\/v2\/product\/47652","targetHints":{"allow":["GET"]}}],"collection":[{"href":"https:\/\/www.molimextherm.com\/fr\/wp-json\/wp\/v2\/product"}],"about":[{"href":"https:\/\/www.molimextherm.com\/fr\/wp-json\/wp\/v2\/types\/product"}],"wp:featuredmedia":[{"embeddable":true,"href":"https:\/\/www.molimextherm.com\/fr\/wp-json\/wp\/v2\/media\/47916"}],"wp:attachment":[{"href":"https:\/\/www.molimextherm.com\/fr\/wp-json\/wp\/v2\/media?parent=47652"}],"wp:term":[{"taxonomy":"product_brand","embeddable":true,"href":"https:\/\/www.molimextherm.com\/fr\/wp-json\/wp\/v2\/product_brand?post=47652"},{"taxonomy":"product_cat","embeddable":true,"href":"https:\/\/www.molimextherm.com\/fr\/wp-json\/wp\/v2\/product_cat?post=47652"},{"taxonomy":"product_tag","embeddable":true,"href":"https:\/\/www.molimextherm.com\/fr\/wp-json\/wp\/v2\/product_tag?post=47652"}],"curies":[{"name":"wp","href":"https:\/\/api.w.org\/{rel}","templated":true}]}}