{"id":47654,"date":"2024-02-19T17:30:43","date_gmt":"2024-02-19T16:30:43","guid":{"rendered":"https:\/\/dev.nortekhvac.eu\/product\/dre\/"},"modified":"2024-09-11T11:11:24","modified_gmt":"2024-09-11T09:11:24","slug":"dre","status":"publish","type":"product","link":"https:\/\/www.molimextherm.com\/fr\/produit\/dre\/","title":{"rendered":"DRE"},"content":{"rendered":"<p>La s\u00e9rie DRE est compos\u00e9e de chaudi\u00e8res \u00e9lectriques qui, gr\u00e2ce \u00e0 leur puissance et \u00e0 leur capacit\u00e9, sont adapt\u00e9es aux besoins de l&rsquo;industrie. Le DRE est normalement utilis\u00e9 pour un contr\u00f4le de l&rsquo;\u00e9coulement de l&rsquo;eau, ce qui permet de v\u00e9rifier la prise en compte des \u00e9l\u00e9ments dans un r\u00e9servoir d&rsquo;eau (\u00e0 l&rsquo;\u00e9tat lacunaire).<\/p>\n","protected":false},"excerpt":{"rendered":"<p>A.O.Smith &#8211; chaudi\u00e8re \u00e9lectrique DRE<\/p>\n","protected":false},"featured_media":47856,"template":"","meta":[],"product_brand":[],"product_cat":[2892,2893,2848],"product_tag":[],"class_list":{"0":"post-47654","1":"product","2":"type-product","3":"status-publish","4":"has-post-thumbnail","6":"product_cat-chaudieres","7":"product_cat-chaudieres-fr","8":"product_cat-produits","10":"first","11":"outofstock","12":"taxable","13":"shipping-taxable","14":"product-type-grouped"},"acf":[],"_links":{"self":[{"href":"https:\/\/www.molimextherm.com\/fr\/wp-json\/wp\/v2\/product\/47654","targetHints":{"allow":["GET"]}}],"collection":[{"href":"https:\/\/www.molimextherm.com\/fr\/wp-json\/wp\/v2\/product"}],"about":[{"href":"https:\/\/www.molimextherm.com\/fr\/wp-json\/wp\/v2\/types\/product"}],"wp:featuredmedia":[{"embeddable":true,"href":"https:\/\/www.molimextherm.com\/fr\/wp-json\/wp\/v2\/media\/47856"}],"wp:attachment":[{"href":"https:\/\/www.molimextherm.com\/fr\/wp-json\/wp\/v2\/media?parent=47654"}],"wp:term":[{"taxonomy":"product_brand","embeddable":true,"href":"https:\/\/www.molimextherm.com\/fr\/wp-json\/wp\/v2\/product_brand?post=47654"},{"taxonomy":"product_cat","embeddable":true,"href":"https:\/\/www.molimextherm.com\/fr\/wp-json\/wp\/v2\/product_cat?post=47654"},{"taxonomy":"product_tag","embeddable":true,"href":"https:\/\/www.molimextherm.com\/fr\/wp-json\/wp\/v2\/product_tag?post=47654"}],"curies":[{"name":"wp","href":"https:\/\/api.w.org\/{rel}","templated":true}]}}