{"id":47665,"date":"2024-02-20T09:58:30","date_gmt":"2024-02-20T08:58:30","guid":{"rendered":"https:\/\/dev.nortekhvac.eu\/product\/twister\/"},"modified":"2024-09-11T11:11:24","modified_gmt":"2024-09-11T09:11:24","slug":"twister","status":"publish","type":"product","link":"https:\/\/www.molimextherm.com\/fr\/produit\/twister\/","title":{"rendered":"TWISTER"},"content":{"rendered":"<p>La TWI est une chaudi\u00e8re \u00e0 condensation \u00e0 haut rendement en inox (106 %), enti\u00e8rement int\u00e9gr\u00e9e, dont le rendement \u00e0 l&rsquo;installation est tr\u00e8s \u00e9lev\u00e9 en raison de sa faible consommation d&rsquo;\u00e9nergie.<\/p>\n","protected":false},"excerpt":{"rendered":"<p>A.O.Smith &#8211; chaudi\u00e8re HR \u00e0 condensation \u00e0 gaz TWISTER II<\/p>\n","protected":false},"featured_media":47874,"template":"","meta":[],"product_brand":[],"product_cat":[2892,2893,2848],"product_tag":[],"class_list":{"0":"post-47665","1":"product","2":"type-product","3":"status-publish","4":"has-post-thumbnail","6":"product_cat-chaudieres","7":"product_cat-chaudieres-fr","8":"product_cat-produits","10":"first","11":"outofstock","12":"taxable","13":"shipping-taxable","14":"product-type-grouped"},"acf":[],"_links":{"self":[{"href":"https:\/\/www.molimextherm.com\/fr\/wp-json\/wp\/v2\/product\/47665","targetHints":{"allow":["GET"]}}],"collection":[{"href":"https:\/\/www.molimextherm.com\/fr\/wp-json\/wp\/v2\/product"}],"about":[{"href":"https:\/\/www.molimextherm.com\/fr\/wp-json\/wp\/v2\/types\/product"}],"wp:featuredmedia":[{"embeddable":true,"href":"https:\/\/www.molimextherm.com\/fr\/wp-json\/wp\/v2\/media\/47874"}],"wp:attachment":[{"href":"https:\/\/www.molimextherm.com\/fr\/wp-json\/wp\/v2\/media?parent=47665"}],"wp:term":[{"taxonomy":"product_brand","embeddable":true,"href":"https:\/\/www.molimextherm.com\/fr\/wp-json\/wp\/v2\/product_brand?post=47665"},{"taxonomy":"product_cat","embeddable":true,"href":"https:\/\/www.molimextherm.com\/fr\/wp-json\/wp\/v2\/product_cat?post=47665"},{"taxonomy":"product_tag","embeddable":true,"href":"https:\/\/www.molimextherm.com\/fr\/wp-json\/wp\/v2\/product_tag?post=47665"}],"curies":[{"name":"wp","href":"https:\/\/api.w.org\/{rel}","templated":true}]}}