{"id":47667,"date":"2024-02-20T09:57:51","date_gmt":"2024-02-20T08:57:51","guid":{"rendered":"https:\/\/dev.nortekhvac.eu\/product\/sgs\/"},"modified":"2024-09-11T11:11:25","modified_gmt":"2024-09-11T09:11:25","slug":"sgs","status":"publish","type":"product","link":"https:\/\/www.molimextherm.com\/fr\/produit\/sgs\/","title":{"rendered":"SGS"},"content":{"rendered":"<p>La chaudi\u00e8re \u00e0 gaz \u00e0 condensation SGS HR est combin\u00e9e \u00e0 la chaudi\u00e8re indirecte IT. Un maximum de confort gr\u00e2ce \u00e0 une fixation intelligente de la zone et un confort thermique garantis. La SGS est v\u00e9rifi\u00e9e pour une puissance variant de 28 t\/m 120 kW et pour une consommation variant de 217 \u00e0 480 litres. La SGS est un organisme de certification qui s&rsquo;adresse \u00e0 la fois aux collectionneurs et aux entreprises de collecte. En combinaison avec la plus belle station de pompage, vous pouvez collectionner divers types d&rsquo;objets.<\/p>\n","protected":false},"excerpt":{"rendered":"<p>A.O.Smith &#8211; syst\u00e8me de certification SGS pour les technologies de l&rsquo;information<\/p>\n","protected":false},"featured_media":47871,"template":"","meta":[],"product_brand":[],"product_cat":[2892,2893,2848],"product_tag":[],"class_list":{"0":"post-47667","1":"product","2":"type-product","3":"status-publish","4":"has-post-thumbnail","6":"product_cat-chaudieres","7":"product_cat-chaudieres-fr","8":"product_cat-produits","10":"first","11":"outofstock","12":"taxable","13":"shipping-taxable","14":"product-type-grouped"},"acf":[],"_links":{"self":[{"href":"https:\/\/www.molimextherm.com\/fr\/wp-json\/wp\/v2\/product\/47667","targetHints":{"allow":["GET"]}}],"collection":[{"href":"https:\/\/www.molimextherm.com\/fr\/wp-json\/wp\/v2\/product"}],"about":[{"href":"https:\/\/www.molimextherm.com\/fr\/wp-json\/wp\/v2\/types\/product"}],"wp:featuredmedia":[{"embeddable":true,"href":"https:\/\/www.molimextherm.com\/fr\/wp-json\/wp\/v2\/media\/47871"}],"wp:attachment":[{"href":"https:\/\/www.molimextherm.com\/fr\/wp-json\/wp\/v2\/media?parent=47667"}],"wp:term":[{"taxonomy":"product_brand","embeddable":true,"href":"https:\/\/www.molimextherm.com\/fr\/wp-json\/wp\/v2\/product_brand?post=47667"},{"taxonomy":"product_cat","embeddable":true,"href":"https:\/\/www.molimextherm.com\/fr\/wp-json\/wp\/v2\/product_cat?post=47667"},{"taxonomy":"product_tag","embeddable":true,"href":"https:\/\/www.molimextherm.com\/fr\/wp-json\/wp\/v2\/product_tag?post=47667"}],"curies":[{"name":"wp","href":"https:\/\/api.w.org\/{rel}","templated":true}]}}