{"id":47669,"date":"2024-02-20T09:57:00","date_gmt":"2024-02-20T08:57:00","guid":{"rendered":"https:\/\/dev.nortekhvac.eu\/product\/sge\/"},"modified":"2024-09-11T11:11:25","modified_gmt":"2024-09-11T09:11:25","slug":"sge","status":"publish","type":"product","link":"https:\/\/www.molimextherm.com\/fr\/produit\/sge\/","title":{"rendered":"SGE"},"content":{"rendered":"<p>La SGE est une chaudi\u00e8re \u00e0 gaz \u00e0 haut rendement dot\u00e9e d&rsquo;un syst\u00e8me de chauffage g\u00e9othermique. La technique de condensation \u00e0 haut rendement des appareils de 40 kW et 60 kW garantit un grand confort d&rsquo;utilisation et une consommation maximale d&rsquo;\u00e9nergie. Une alimentation maximale en \u00e9lectricit\u00e9 gr\u00e2ce \u00e0 un syst\u00e8me d&rsquo;alimentation en \u00e9lectricit\u00e9 intelligent et int\u00e9gr\u00e9 qui permet d&rsquo;installer l&rsquo;alimentation en \u00e9lectricit\u00e9 de fa\u00e7on optimale.<\/p>\n","protected":false},"excerpt":{"rendered":"<p>A.O.Smith &#8211; zonneboilersysteem SGE<\/p>\n","protected":false},"featured_media":47868,"template":"","meta":[],"product_brand":[],"product_cat":[2892,2893,2848],"product_tag":[],"class_list":{"0":"post-47669","1":"product","2":"type-product","3":"status-publish","4":"has-post-thumbnail","6":"product_cat-chaudieres","7":"product_cat-chaudieres-fr","8":"product_cat-produits","10":"first","11":"outofstock","12":"taxable","13":"shipping-taxable","14":"product-type-grouped"},"acf":[],"_links":{"self":[{"href":"https:\/\/www.molimextherm.com\/fr\/wp-json\/wp\/v2\/product\/47669","targetHints":{"allow":["GET"]}}],"collection":[{"href":"https:\/\/www.molimextherm.com\/fr\/wp-json\/wp\/v2\/product"}],"about":[{"href":"https:\/\/www.molimextherm.com\/fr\/wp-json\/wp\/v2\/types\/product"}],"wp:featuredmedia":[{"embeddable":true,"href":"https:\/\/www.molimextherm.com\/fr\/wp-json\/wp\/v2\/media\/47868"}],"wp:attachment":[{"href":"https:\/\/www.molimextherm.com\/fr\/wp-json\/wp\/v2\/media?parent=47669"}],"wp:term":[{"taxonomy":"product_brand","embeddable":true,"href":"https:\/\/www.molimextherm.com\/fr\/wp-json\/wp\/v2\/product_brand?post=47669"},{"taxonomy":"product_cat","embeddable":true,"href":"https:\/\/www.molimextherm.com\/fr\/wp-json\/wp\/v2\/product_cat?post=47669"},{"taxonomy":"product_tag","embeddable":true,"href":"https:\/\/www.molimextherm.com\/fr\/wp-json\/wp\/v2\/product_tag?post=47669"}],"curies":[{"name":"wp","href":"https:\/\/api.w.org\/{rel}","templated":true}]}}