{"id":47672,"date":"2024-02-20T10:47:08","date_gmt":"2024-02-20T09:47:08","guid":{"rendered":"https:\/\/dev.nortekhvac.eu\/product\/skystar\/"},"modified":"2024-09-11T11:11:25","modified_gmt":"2024-09-11T09:11:25","slug":"skystar","status":"publish","type":"product","link":"https:\/\/www.molimextherm.com\/fr\/produit\/skystar\/","title":{"rendered":"Skystar"},"content":{"rendered":"<p>La s\u00e9rie SkyStar ECM utilise un moteur \u00e9lectrique innovant sans balais contr\u00f4l\u00e9 par une carte inverter qui fait varier le d\u00e9bit d&rsquo;air en continu gr\u00e2ce \u00e0 un signal 1-10 V g\u00e9n\u00e9r\u00e9 par les commandes Sabiana (version SK-ECM-IR) ou par des r\u00e9gulateurs ind\u00e9pendants (version SK-ECM). L&rsquo;efficacit\u00e9 extr\u00eame, m\u00eame \u00e0 faible vitesse, permet une grande r\u00e9duction de la consommation \u00e9lectrique (plus de 75% de moins par rapport \u00e0 un moteur traditionnel) avec des valeurs d&rsquo;absorption, dans des conditions normales de fonctionnement, qui ne sont pas sup\u00e9rieures \u00e0 10 Watt dans toute la gamme.<\/p>\n<p>Les dimensions des premi\u00e8res tailles sont con\u00e7ues pour s&rsquo;int\u00e9grer dans des modules de faux-plafond de 600&#215;600 mm, tandis que les plus grandes tailles, de 800&#215;800 mm, se distinguent par leur faible niveau de bruit et leur excellent rapport qualit\u00e9-prix.  <\/p>\n<p>Chaque mod\u00e8le peut \u00eatre fourni avec un seul serpentin (syst\u00e8me \u00e0 deux tuyaux) et un chauffage \u00e9lectrique, ou avec deux serpentins (syst\u00e8me \u00e0 quatre tuyaux). L&rsquo;air frais peut \u00eatre m\u00e9lang\u00e9 \u00e0 l&rsquo;air ambiant et distribu\u00e9 dans des pi\u00e8ces s\u00e9par\u00e9es. Toutes les tailles sont \u00e9quip\u00e9es de ventilateurs \u00e0 6 vitesses, dont 3 vitesses connect\u00e9es \u00e9lectriquement, afin d&rsquo;augmenter la flexibilit\u00e9 de fonctionnement m\u00eame pendant la mise en service de l&rsquo;installation.  <\/p>\n<p>La pompe d&rsquo;\u00e9vacuation des condensats est tr\u00e8s silencieuse et a une hauteur de refoulement maximale de 650 mm.  <\/p>\n<p>En plus des syst\u00e8mes traditionnels de contr\u00f4le de la temp\u00e9rature et de la vitesse, la vitesse du ventilateur peut \u00eatre modifi\u00e9e automatiquement, plusieurs unit\u00e9s peuvent \u00eatre g\u00e9r\u00e9es \u00e0 partir d&rsquo;un seul panneau de contr\u00f4le, et la carte de contr\u00f4le de chaque unit\u00e9 peut \u00eatre install\u00e9e \u00e0 distance afin de simplifier les op\u00e9rations de maintenance. De plus, chaque unit\u00e9 peut \u00eatre g\u00e9r\u00e9e \u00e0 distance. Les unit\u00e9s peuvent \u00e9galement \u00eatre contr\u00f4l\u00e9es par les syst\u00e8mes de gestion et de supervision des b\u00e2timents les plus courants. Enfin, diff\u00e9rents types de vannes sont disponibles (\u00e0 deux et trois voies, 24 V, modulante 0-10 V).  <\/p>\n","protected":false},"excerpt":{"rendered":"<p>Design innovant et fascinant, sept mod\u00e8les diff\u00e9rents, grande flexibilit\u00e9 de contr\u00f4le, facilit\u00e9 d&rsquo;entretien : la cassette \u00e0 eau SKYSTAR est le r\u00e9sultat d&rsquo;une importante recherche technique et conceptuelle visant \u00e0 fournir un produit d&rsquo;avant-garde en termes de performances, de faible niveau sonore et de flexibilit\u00e9 de contr\u00f4le.  <\/p>\n","protected":false},"featured_media":47947,"template":"","meta":[],"product_brand":[],"product_cat":[2885,2902,2848,2884],"product_tag":[],"class_list":{"0":"post-47672","1":"product","2":"type-product","3":"status-publish","4":"has-post-thumbnail","6":"product_cat-chauffage-refroidissement","7":"product_cat-chauffage-refroidissement-fr","8":"product_cat-produits","9":"product_cat-sabiana-fr","11":"first","12":"outofstock","13":"taxable","14":"shipping-taxable","15":"product-type-grouped"},"acf":[],"_links":{"self":[{"href":"https:\/\/www.molimextherm.com\/fr\/wp-json\/wp\/v2\/product\/47672","targetHints":{"allow":["GET"]}}],"collection":[{"href":"https:\/\/www.molimextherm.com\/fr\/wp-json\/wp\/v2\/product"}],"about":[{"href":"https:\/\/www.molimextherm.com\/fr\/wp-json\/wp\/v2\/types\/product"}],"wp:featuredmedia":[{"embeddable":true,"href":"https:\/\/www.molimextherm.com\/fr\/wp-json\/wp\/v2\/media\/47947"}],"wp:attachment":[{"href":"https:\/\/www.molimextherm.com\/fr\/wp-json\/wp\/v2\/media?parent=47672"}],"wp:term":[{"taxonomy":"product_brand","embeddable":true,"href":"https:\/\/www.molimextherm.com\/fr\/wp-json\/wp\/v2\/product_brand?post=47672"},{"taxonomy":"product_cat","embeddable":true,"href":"https:\/\/www.molimextherm.com\/fr\/wp-json\/wp\/v2\/product_cat?post=47672"},{"taxonomy":"product_tag","embeddable":true,"href":"https:\/\/www.molimextherm.com\/fr\/wp-json\/wp\/v2\/product_tag?post=47672"}],"curies":[{"name":"wp","href":"https:\/\/api.w.org\/{rel}","templated":true}]}}