{"id":47674,"date":"2024-02-20T10:46:35","date_gmt":"2024-02-20T09:46:35","guid":{"rendered":"https:\/\/dev.nortekhvac.eu\/product\/janus\/"},"modified":"2024-09-11T11:11:25","modified_gmt":"2024-09-11T09:11:25","slug":"janus","status":"publish","type":"product","link":"https:\/\/www.molimextherm.com\/fr\/produit\/janus\/","title":{"rendered":"Janus"},"content":{"rendered":"<p>Les r\u00e9chauffeurs de lanternes Janus peuvent \u00eatre utilis\u00e9s pour rendre les ruines industrielles et commerciales plus \u00e9conomiques, car un syst\u00e8me de chauffage traditionnel avec des r\u00e9chauffeurs de lanternes est transform\u00e9 en un syst\u00e8me qui peut \u00e9galement \u00eatre utilis\u00e9 dans les zones \u00e0 risque, et o\u00f9 les normes de travail peuvent \u00eatre modifi\u00e9es en cons\u00e9quence. La batterie de condensateurs se trouve \u00e0 l&rsquo;int\u00e9rieur de l&rsquo;appareil, lorsque des moteurs standard \u00e0 deux vitesses sont install\u00e9s. En cas d&rsquo;urgence, il est \u00e9galement possible d&rsquo;utiliser des r\u00e9gulateurs avec thermostat.<br \/>\nLes luchtverhitters Janus sont fabriqu\u00e9s en 4 mat\u00e9riaux, dont certains avec 3 et 4 spirales, pour un total de 8 mod\u00e8les, avec des puissances de chauffage de 16 \u00e0 104 kW et des puissances de refroidissement de 5 \u00e0 28 kW.<\/p>\n","protected":false},"excerpt":{"rendered":"<p>Sabiana &#8211; JANUS, le chien de chasse \u00e0 l&rsquo;eau<\/p>\n","protected":false},"featured_media":47944,"template":"","meta":[],"product_brand":[],"product_cat":[2885,2902,2848,2884],"product_tag":[],"class_list":{"0":"post-47674","1":"product","2":"type-product","3":"status-publish","4":"has-post-thumbnail","6":"product_cat-chauffage-refroidissement","7":"product_cat-chauffage-refroidissement-fr","8":"product_cat-produits","9":"product_cat-sabiana-fr","11":"first","12":"outofstock","13":"taxable","14":"shipping-taxable","15":"product-type-grouped"},"acf":[],"_links":{"self":[{"href":"https:\/\/www.molimextherm.com\/fr\/wp-json\/wp\/v2\/product\/47674","targetHints":{"allow":["GET"]}}],"collection":[{"href":"https:\/\/www.molimextherm.com\/fr\/wp-json\/wp\/v2\/product"}],"about":[{"href":"https:\/\/www.molimextherm.com\/fr\/wp-json\/wp\/v2\/types\/product"}],"wp:featuredmedia":[{"embeddable":true,"href":"https:\/\/www.molimextherm.com\/fr\/wp-json\/wp\/v2\/media\/47944"}],"wp:attachment":[{"href":"https:\/\/www.molimextherm.com\/fr\/wp-json\/wp\/v2\/media?parent=47674"}],"wp:term":[{"taxonomy":"product_brand","embeddable":true,"href":"https:\/\/www.molimextherm.com\/fr\/wp-json\/wp\/v2\/product_brand?post=47674"},{"taxonomy":"product_cat","embeddable":true,"href":"https:\/\/www.molimextherm.com\/fr\/wp-json\/wp\/v2\/product_cat?post=47674"},{"taxonomy":"product_tag","embeddable":true,"href":"https:\/\/www.molimextherm.com\/fr\/wp-json\/wp\/v2\/product_tag?post=47674"}],"curies":[{"name":"wp","href":"https:\/\/api.w.org\/{rel}","templated":true}]}}