{"id":47675,"date":"2024-02-19T17:26:14","date_gmt":"2024-02-19T16:26:14","guid":{"rendered":"https:\/\/dev.nortekhvac.eu\/product\/ds4\/"},"modified":"2024-09-11T11:11:30","modified_gmt":"2024-09-11T09:11:30","slug":"ds4","status":"publish","type":"product","link":"https:\/\/www.molimextherm.com\/fr\/produit\/ds4\/","title":{"rendered":"DS4"},"content":{"rendered":"<p>Le r\u00e9chauffement des cordes n\u00e9cessite une installation absolument gel\u00e9e, une tr\u00e8s grande luminosit\u00e9 dans la zone de travail et une temp\u00e9rature constante dans la pi\u00e8ce. Si la lumi\u00e8re indirecte est trop chaude et que les personnes se d\u00e9placent directement, le gradient vertical de temp\u00e9rature est minimal. Il s&rsquo;agit d&rsquo;un investissement important dans le domaine de l&rsquo;\u00e9ducation et de la formation.<br \/>\nhet het energiegebruik. Les panneaux de cordes sont en acier inoxydable, avec un cadre en acier inoxydable \u00e0 l&rsquo;int\u00e9rieur de l&rsquo;armoire.<\/p>\n<p>Les panneaux de cordes Sabiane Duck Strip sont disponibles dans diff\u00e9rentes races. Le mod\u00e8le Elk in est disponible en longueurs de 4 et 6m (3 et 5m) et peut \u00eatre combin\u00e9 \u00e0 d&rsquo;autres longueurs plus importantes avec des accessoires ou des pi\u00e8ces \u00e0 assembler.<br \/>\nLes panneaux de d\u00e9part et d&rsquo;arriv\u00e9e sont \u00e9quip\u00e9s d&rsquo;un collecteur d&rsquo;\u00e9chantillons.<br \/>\nLes installations peuvent \u00eatre r\u00e9alis\u00e9es avec des panneaux d&rsquo;armature d&rsquo;une longueur d&rsquo;un m\u00e8tre et avec diff\u00e9rents types de portes.<br \/>\npour des conditions d&rsquo;utilisation optimales, des temp\u00e9ratures de ruissellement stables et des conditions d&rsquo;utilisation trop courtes.<\/p>\n","protected":false},"excerpt":{"rendered":"<p>Sabiana &#8211; Orchestre \u00e0 cordes DS4<\/p>\n","protected":false},"featured_media":47964,"template":"","meta":[],"product_brand":[],"product_cat":[2896,2848,2884,3065],"product_tag":[],"class_list":{"0":"post-47675","1":"product","2":"type-product","3":"status-publish","4":"has-post-thumbnail","6":"product_cat-chauffages-radiants","7":"product_cat-produits","8":"product_cat-sabiana-fr","9":"product_cat-chauffages-radiants-fr-2","11":"first","12":"outofstock","13":"taxable","14":"shipping-taxable","15":"product-type-grouped"},"acf":[],"_links":{"self":[{"href":"https:\/\/www.molimextherm.com\/fr\/wp-json\/wp\/v2\/product\/47675","targetHints":{"allow":["GET"]}}],"collection":[{"href":"https:\/\/www.molimextherm.com\/fr\/wp-json\/wp\/v2\/product"}],"about":[{"href":"https:\/\/www.molimextherm.com\/fr\/wp-json\/wp\/v2\/types\/product"}],"wp:featuredmedia":[{"embeddable":true,"href":"https:\/\/www.molimextherm.com\/fr\/wp-json\/wp\/v2\/media\/47964"}],"wp:attachment":[{"href":"https:\/\/www.molimextherm.com\/fr\/wp-json\/wp\/v2\/media?parent=47675"}],"wp:term":[{"taxonomy":"product_brand","embeddable":true,"href":"https:\/\/www.molimextherm.com\/fr\/wp-json\/wp\/v2\/product_brand?post=47675"},{"taxonomy":"product_cat","embeddable":true,"href":"https:\/\/www.molimextherm.com\/fr\/wp-json\/wp\/v2\/product_cat?post=47675"},{"taxonomy":"product_tag","embeddable":true,"href":"https:\/\/www.molimextherm.com\/fr\/wp-json\/wp\/v2\/product_tag?post=47675"}],"curies":[{"name":"wp","href":"https:\/\/api.w.org\/{rel}","templated":true}]}}