{"id":47677,"date":"2024-02-19T17:25:18","date_gmt":"2024-02-19T16:25:18","guid":{"rendered":"https:\/\/dev.nortekhvac.eu\/product\/cera\/"},"modified":"2024-09-11T11:11:33","modified_gmt":"2024-09-11T09:11:33","slug":"cera","status":"publish","type":"product","link":"https:\/\/www.molimextherm.com\/fr\/produit\/cera\/","title":{"rendered":"Cera"},"content":{"rendered":"<p>B\u00e2timents \u00e0 usage d&rsquo;habitation \u00e0 forte charge &#8211; Type CERA<\/p>\n<p>L&rsquo;appareil est install\u00e9 dans une bo\u00eete en verre \u00e9clair\u00e9 d&rsquo;un diam\u00e8tre de 150 mm, avec une temp\u00e9rature \u00e9lev\u00e9e de couleur noire.<br \/>\nDans les salles d&rsquo;exposition \u00e9clair\u00e9es par des lampes \u00e0 incandescence, les objets en c\u00e9ramique ont \u00e9t\u00e9 remplac\u00e9s par des objets en verre. Ces objets en c\u00e9ramique sont contamin\u00e9s par des substances mat\u00e9rielles (des particules en suspension dans l&rsquo;air) au niveau de la paroi du br\u00fbleur \u00e0 gaz, de sorte qu&rsquo;il y ait une couche homog\u00e8ne sur la longueur totale.<br \/>\nR\u00e9flecteur dans la position \u00e9clair\u00e9e par la lumi\u00e8re du jour et capteur \u00e0 l&rsquo;extr\u00e9mit\u00e9 de la fen\u00eatre<br \/>\nPorte-branches, bo\u00eetier de cordage et extracteur (une roue), enti\u00e8rement recouverts d&rsquo;une pellicule, mont\u00e9s sur un support solidement fix\u00e9.<\/p>\n","protected":false},"excerpt":{"rendered":"<p>Gaz Industrie &#8211; Le distributeur de gaz CERA<\/p>\n","protected":false},"featured_media":47904,"template":"","meta":[],"product_brand":[],"product_cat":[2896,2897,2848],"product_tag":[],"class_list":{"0":"post-47677","1":"product","2":"type-product","3":"status-publish","4":"has-post-thumbnail","6":"product_cat-chauffages-radiants","7":"product_cat-chauffages-radiants-fr","8":"product_cat-produits","10":"first","11":"outofstock","12":"taxable","13":"shipping-taxable","14":"product-type-grouped"},"acf":[],"_links":{"self":[{"href":"https:\/\/www.molimextherm.com\/fr\/wp-json\/wp\/v2\/product\/47677","targetHints":{"allow":["GET"]}}],"collection":[{"href":"https:\/\/www.molimextherm.com\/fr\/wp-json\/wp\/v2\/product"}],"about":[{"href":"https:\/\/www.molimextherm.com\/fr\/wp-json\/wp\/v2\/types\/product"}],"wp:featuredmedia":[{"embeddable":true,"href":"https:\/\/www.molimextherm.com\/fr\/wp-json\/wp\/v2\/media\/47904"}],"wp:attachment":[{"href":"https:\/\/www.molimextherm.com\/fr\/wp-json\/wp\/v2\/media?parent=47677"}],"wp:term":[{"taxonomy":"product_brand","embeddable":true,"href":"https:\/\/www.molimextherm.com\/fr\/wp-json\/wp\/v2\/product_brand?post=47677"},{"taxonomy":"product_cat","embeddable":true,"href":"https:\/\/www.molimextherm.com\/fr\/wp-json\/wp\/v2\/product_cat?post=47677"},{"taxonomy":"product_tag","embeddable":true,"href":"https:\/\/www.molimextherm.com\/fr\/wp-json\/wp\/v2\/product_tag?post=47677"}],"curies":[{"name":"wp","href":"https:\/\/api.w.org\/{rel}","templated":true}]}}