{"id":47680,"date":"2024-02-19T17:19:40","date_gmt":"2024-02-19T16:19:40","guid":{"rendered":"https:\/\/dev.nortekhvac.eu\/product\/bth\/"},"modified":"2024-09-11T11:11:33","modified_gmt":"2024-09-11T09:11:33","slug":"bth","status":"publish","type":"product","link":"https:\/\/www.molimextherm.com\/fr\/produit\/bth\/","title":{"rendered":"BTH"},"content":{"rendered":"<p>Les distributeurs d&rsquo;aliments \u00e0 base de gaz, avec un syst\u00e8me d&rsquo;\u00e9tiquetage et d&rsquo;\u00e9tiquetage tr\u00e8s performant, peuvent \u00eatre utilis\u00e9s avec du gaz d&rsquo;a\u00e9ration ou du propane.<br \/>\nBTH2R : bo\u00eetier en U compact, rendement de 73 %, rendement de plus de 80 %, r\u00e9flecteur g\u00e9othermique.<\/p>\n","protected":false},"excerpt":{"rendered":"<p>Gaz Industrie &#8211; distributeur de bouteilles de gaz de la gamme Btwin &#8211; BTH2R<\/p>\n","protected":false},"featured_media":47892,"template":"","meta":[],"product_brand":[],"product_cat":[2896,2897,2848],"product_tag":[],"class_list":{"0":"post-47680","1":"product","2":"type-product","3":"status-publish","4":"has-post-thumbnail","6":"product_cat-chauffages-radiants","7":"product_cat-chauffages-radiants-fr","8":"product_cat-produits","10":"first","11":"outofstock","12":"taxable","13":"shipping-taxable","14":"product-type-grouped"},"acf":[],"_links":{"self":[{"href":"https:\/\/www.molimextherm.com\/fr\/wp-json\/wp\/v2\/product\/47680","targetHints":{"allow":["GET"]}}],"collection":[{"href":"https:\/\/www.molimextherm.com\/fr\/wp-json\/wp\/v2\/product"}],"about":[{"href":"https:\/\/www.molimextherm.com\/fr\/wp-json\/wp\/v2\/types\/product"}],"wp:featuredmedia":[{"embeddable":true,"href":"https:\/\/www.molimextherm.com\/fr\/wp-json\/wp\/v2\/media\/47892"}],"wp:attachment":[{"href":"https:\/\/www.molimextherm.com\/fr\/wp-json\/wp\/v2\/media?parent=47680"}],"wp:term":[{"taxonomy":"product_brand","embeddable":true,"href":"https:\/\/www.molimextherm.com\/fr\/wp-json\/wp\/v2\/product_brand?post=47680"},{"taxonomy":"product_cat","embeddable":true,"href":"https:\/\/www.molimextherm.com\/fr\/wp-json\/wp\/v2\/product_cat?post=47680"},{"taxonomy":"product_tag","embeddable":true,"href":"https:\/\/www.molimextherm.com\/fr\/wp-json\/wp\/v2\/product_tag?post=47680"}],"curies":[{"name":"wp","href":"https:\/\/api.w.org\/{rel}","templated":true}]}}