{"id":47682,"date":"2024-02-19T17:18:41","date_gmt":"2024-02-19T16:18:41","guid":{"rendered":"https:\/\/dev.nortekhvac.eu\/product\/melange\/"},"modified":"2024-09-11T11:11:34","modified_gmt":"2024-09-11T09:11:34","slug":"mix","status":"publish","type":"product","link":"https:\/\/www.molimextherm.com\/fr\/produit\/mix\/","title":{"rendered":"Mix"},"content":{"rendered":"<p>\u00c9conomisez de l&rsquo;argent en faisant recirculer votre chaleur existante \u00e0 l&rsquo;aide du ventilateur de d\u00e9stratification Sonniger Mix.<\/p>\n<p>Utilis\u00e9 en tandem avec les \u00e9quipements de chauffage existants, le Sonniger Mix permet de maintenir une distribution uniforme de la chaleur dans votre b\u00e2timent. En recirculant l&rsquo;air chaud ascendant vers le niveau du sol, le Sonniger Mix peut \u00e9galement aider \u00e0 pousser la chaleur dans des zones autrement difficiles \u00e0 atteindre.<\/p>\n<p>Id\u00e9aux pour les b\u00e2timents \u00e0 hauts plafonds, tels que les entrep\u00f4ts ou les hangars, les ventilateurs de d\u00e9stratification Sonniger Mix sont efficaces pour pr\u00e9venir les pertes de chaleur et r\u00e9duire les co\u00fbts \u00e9nerg\u00e9tiques.<\/p>\n","protected":false},"excerpt":{"rendered":"<p>Le ventilateur de d\u00e9stratification Sonniger Mix mont\u00e9 au plafond recycle la chaleur, r\u00e9duisant ainsi les pertes de chaleur et augmentant l&rsquo;efficacit\u00e9 \u00e9nerg\u00e9tique.<\/p>\n","protected":false},"featured_media":47883,"template":"","meta":[],"product_brand":[],"product_cat":[2848,2889,2857],"product_tag":[],"class_list":{"0":"post-47682","1":"product","2":"type-product","3":"status-publish","4":"has-post-thumbnail","6":"product_cat-produits","7":"product_cat-sonniger-fr","8":"product_cat-ventilateurs-de-destratification-fr","10":"first","11":"outofstock","12":"taxable","13":"shipping-taxable","14":"product-type-grouped"},"acf":[],"_links":{"self":[{"href":"https:\/\/www.molimextherm.com\/fr\/wp-json\/wp\/v2\/product\/47682","targetHints":{"allow":["GET"]}}],"collection":[{"href":"https:\/\/www.molimextherm.com\/fr\/wp-json\/wp\/v2\/product"}],"about":[{"href":"https:\/\/www.molimextherm.com\/fr\/wp-json\/wp\/v2\/types\/product"}],"wp:featuredmedia":[{"embeddable":true,"href":"https:\/\/www.molimextherm.com\/fr\/wp-json\/wp\/v2\/media\/47883"}],"wp:attachment":[{"href":"https:\/\/www.molimextherm.com\/fr\/wp-json\/wp\/v2\/media?parent=47682"}],"wp:term":[{"taxonomy":"product_brand","embeddable":true,"href":"https:\/\/www.molimextherm.com\/fr\/wp-json\/wp\/v2\/product_brand?post=47682"},{"taxonomy":"product_cat","embeddable":true,"href":"https:\/\/www.molimextherm.com\/fr\/wp-json\/wp\/v2\/product_cat?post=47682"},{"taxonomy":"product_tag","embeddable":true,"href":"https:\/\/www.molimextherm.com\/fr\/wp-json\/wp\/v2\/product_tag?post=47682"}],"curies":[{"name":"wp","href":"https:\/\/api.w.org\/{rel}","templated":true}]}}