{"id":47684,"date":"2024-02-19T17:17:09","date_gmt":"2024-02-19T16:17:09","guid":{"rendered":"https:\/\/dev.nortekhvac.eu\/product\/garde\/"},"modified":"2024-09-11T11:11:34","modified_gmt":"2024-09-11T09:11:34","slug":"guard","status":"publish","type":"product","link":"https:\/\/www.molimextherm.com\/fr\/produit\/guard\/","title":{"rendered":"GUARD"},"content":{"rendered":"<p>Le nouveau GUARD est dot\u00e9 d&rsquo;un design moderne, de param\u00e8tres de haute performance et d&rsquo;une gamme compl\u00e8te d&rsquo;accessoires. GUARD est synonyme de modernit\u00e9, de technologie sup\u00e9rieure et avanc\u00e9e !<\/p>\n<p>Les rideaux d&rsquo;air GUARD sont dot\u00e9s d&rsquo;un ventilateur efficace combin\u00e9 \u00e0 un moteur \u00e0 trois vitesses int\u00e9gr\u00e9 et \u00e0 deux rang\u00e9es de serpentins qui offrent une gamme optimis\u00e9e de param\u00e8tres.<\/p>\n<p>Cette gamme de rideaux d&rsquo;air \u00e9lectriques est \u00e9quip\u00e9e d&rsquo;une nouvelle g\u00e9n\u00e9ration de r\u00e9sistances PTC autor\u00e9gulatrices.<\/p>\n<p>Param\u00e8tres de haute performance &#8211; d\u00e9bit d&rsquo;air de 4800 m\u00b3\/h, port\u00e9e d&rsquo;air jusqu&rsquo;\u00e0 4 m.<\/p>\n","protected":false},"excerpt":{"rendered":"<p>Les rideaux d&rsquo;air haute performance GUARD associent un design \u00e9l\u00e9gant et moderne \u00e0 des r\u00e9sistances PTC autor\u00e9gulatrices pour une efficacit\u00e9 maximale.<\/p>\n","protected":false},"featured_media":47886,"template":"","meta":[],"product_brand":[],"product_cat":[2848,2861,2889],"product_tag":[],"class_list":{"0":"post-47684","1":"product","2":"type-product","3":"status-publish","4":"has-post-thumbnail","6":"product_cat-produits","7":"product_cat-rideaux-dair-fr","8":"product_cat-sonniger-fr","10":"first","11":"outofstock","12":"taxable","13":"shipping-taxable","14":"product-type-grouped"},"acf":[],"_links":{"self":[{"href":"https:\/\/www.molimextherm.com\/fr\/wp-json\/wp\/v2\/product\/47684","targetHints":{"allow":["GET"]}}],"collection":[{"href":"https:\/\/www.molimextherm.com\/fr\/wp-json\/wp\/v2\/product"}],"about":[{"href":"https:\/\/www.molimextherm.com\/fr\/wp-json\/wp\/v2\/types\/product"}],"wp:featuredmedia":[{"embeddable":true,"href":"https:\/\/www.molimextherm.com\/fr\/wp-json\/wp\/v2\/media\/47886"}],"wp:attachment":[{"href":"https:\/\/www.molimextherm.com\/fr\/wp-json\/wp\/v2\/media?parent=47684"}],"wp:term":[{"taxonomy":"product_brand","embeddable":true,"href":"https:\/\/www.molimextherm.com\/fr\/wp-json\/wp\/v2\/product_brand?post=47684"},{"taxonomy":"product_cat","embeddable":true,"href":"https:\/\/www.molimextherm.com\/fr\/wp-json\/wp\/v2\/product_cat?post=47684"},{"taxonomy":"product_tag","embeddable":true,"href":"https:\/\/www.molimextherm.com\/fr\/wp-json\/wp\/v2\/product_tag?post=47684"}],"curies":[{"name":"wp","href":"https:\/\/api.w.org\/{rel}","templated":true}]}}