{"id":47686,"date":"2024-02-19T17:23:23","date_gmt":"2024-02-19T16:23:23","guid":{"rendered":"https:\/\/dev.nortekhvac.eu\/product\/btl\/"},"modified":"2024-09-11T11:11:34","modified_gmt":"2024-09-11T09:11:34","slug":"btlh","status":"publish","type":"product","link":"https:\/\/www.molimextherm.com\/fr\/produit\/btlh\/","title":{"rendered":"BTLH"},"content":{"rendered":"<p>Les distributeurs d&rsquo;aliments \u00e0 base de gaz, avec une forte teneur en eau et en \u00e9nergie, sont destin\u00e9s \u00e0 \u00eatre utilis\u00e9s avec du gaz de p\u00e9trole ou du propane.<br \/>\nBTLH : Lineaire buis, seizoensgebonden rendement boven 75%<\/p>\n","protected":false},"excerpt":{"rendered":"<p>Gaz Industrie &#8211; distributeur de bouteilles de gaz de la gamme Btwin &#8211; BTLH<\/p>\n","protected":false},"featured_media":47898,"template":"","meta":[],"product_brand":[],"product_cat":[2896,2897,2848],"product_tag":[],"class_list":{"0":"post-47686","1":"product","2":"type-product","3":"status-publish","4":"has-post-thumbnail","6":"product_cat-chauffages-radiants","7":"product_cat-chauffages-radiants-fr","8":"product_cat-produits","10":"first","11":"outofstock","12":"taxable","13":"shipping-taxable","14":"product-type-grouped"},"acf":[],"_links":{"self":[{"href":"https:\/\/www.molimextherm.com\/fr\/wp-json\/wp\/v2\/product\/47686","targetHints":{"allow":["GET"]}}],"collection":[{"href":"https:\/\/www.molimextherm.com\/fr\/wp-json\/wp\/v2\/product"}],"about":[{"href":"https:\/\/www.molimextherm.com\/fr\/wp-json\/wp\/v2\/types\/product"}],"wp:featuredmedia":[{"embeddable":true,"href":"https:\/\/www.molimextherm.com\/fr\/wp-json\/wp\/v2\/media\/47898"}],"wp:attachment":[{"href":"https:\/\/www.molimextherm.com\/fr\/wp-json\/wp\/v2\/media?parent=47686"}],"wp:term":[{"taxonomy":"product_brand","embeddable":true,"href":"https:\/\/www.molimextherm.com\/fr\/wp-json\/wp\/v2\/product_brand?post=47686"},{"taxonomy":"product_cat","embeddable":true,"href":"https:\/\/www.molimextherm.com\/fr\/wp-json\/wp\/v2\/product_cat?post=47686"},{"taxonomy":"product_tag","embeddable":true,"href":"https:\/\/www.molimextherm.com\/fr\/wp-json\/wp\/v2\/product_tag?post=47686"}],"curies":[{"name":"wp","href":"https:\/\/api.w.org\/{rel}","templated":true}]}}