{"id":47688,"date":"2024-02-19T17:22:26","date_gmt":"2024-02-19T16:22:26","guid":{"rendered":"https:\/\/dev.nortekhvac.eu\/product\/bth2r\/"},"modified":"2024-09-11T11:11:35","modified_gmt":"2024-09-11T09:11:35","slug":"bth2r","status":"publish","type":"product","link":"https:\/\/www.molimextherm.com\/fr\/produit\/bth2r\/","title":{"rendered":"BTH2R"},"content":{"rendered":"<p>Les distributeurs d&rsquo;aliments \u00e0 base de gaz, avec une forte teneur en eau et en \u00e9nergie, sont destin\u00e9s \u00e0 \u00eatre utilis\u00e9s avec du gaz de p\u00e9trole ou du propane.<br \/>\nBTH : Baignoire en U compacte, avec un rendement de 75 %.<\/p>\n","protected":false},"excerpt":{"rendered":"<p>Gaz Industrie &#8211; distributeur de bouteilles de gaz de la gamme Btwin &#8211; BTH<\/p>\n","protected":false},"featured_media":47895,"template":"","meta":[],"product_brand":[],"product_cat":[2896,2897,2848],"product_tag":[],"class_list":{"0":"post-47688","1":"product","2":"type-product","3":"status-publish","4":"has-post-thumbnail","6":"product_cat-chauffages-radiants","7":"product_cat-chauffages-radiants-fr","8":"product_cat-produits","10":"first","11":"outofstock","12":"taxable","13":"shipping-taxable","14":"product-type-grouped"},"acf":[],"_links":{"self":[{"href":"https:\/\/www.molimextherm.com\/fr\/wp-json\/wp\/v2\/product\/47688","targetHints":{"allow":["GET"]}}],"collection":[{"href":"https:\/\/www.molimextherm.com\/fr\/wp-json\/wp\/v2\/product"}],"about":[{"href":"https:\/\/www.molimextherm.com\/fr\/wp-json\/wp\/v2\/types\/product"}],"wp:featuredmedia":[{"embeddable":true,"href":"https:\/\/www.molimextherm.com\/fr\/wp-json\/wp\/v2\/media\/47895"}],"wp:attachment":[{"href":"https:\/\/www.molimextherm.com\/fr\/wp-json\/wp\/v2\/media?parent=47688"}],"wp:term":[{"taxonomy":"product_brand","embeddable":true,"href":"https:\/\/www.molimextherm.com\/fr\/wp-json\/wp\/v2\/product_brand?post=47688"},{"taxonomy":"product_cat","embeddable":true,"href":"https:\/\/www.molimextherm.com\/fr\/wp-json\/wp\/v2\/product_cat?post=47688"},{"taxonomy":"product_tag","embeddable":true,"href":"https:\/\/www.molimextherm.com\/fr\/wp-json\/wp\/v2\/product_tag?post=47688"}],"curies":[{"name":"wp","href":"https:\/\/api.w.org\/{rel}","templated":true}]}}