{"id":47691,"date":"2024-02-19T17:27:34","date_gmt":"2024-02-19T16:27:34","guid":{"rendered":"https:\/\/dev.nortekhvac.eu\/product\/bfc\/"},"modified":"2024-09-11T11:11:35","modified_gmt":"2024-09-11T09:11:35","slug":"bfc","status":"publish","type":"product","link":"https:\/\/www.molimextherm.com\/fr\/produit\/bfc\/","title":{"rendered":"BFC"},"content":{"rendered":"<p>Le cyclone BFC est une chaudi\u00e8re \u00e0 condensation \u00e0 haut rendement (109 % de la masse). Cette chaudi\u00e8re est tr\u00e8s bien plac\u00e9e en raison de la flexibilit\u00e9 des syst\u00e8mes d&rsquo;alimentation en gaz de combustion.<\/p>\n","protected":false},"excerpt":{"rendered":"<p>A.O.Smith &#8211; chaudi\u00e8re HR \u00e0 condensation \u00e0 gaz BFC<\/p>\n","protected":false},"featured_media":47853,"template":"","meta":[],"product_brand":[],"product_cat":[2892,2893,2848],"product_tag":[],"class_list":{"0":"post-47691","1":"product","2":"type-product","3":"status-publish","4":"has-post-thumbnail","6":"product_cat-chaudieres","7":"product_cat-chaudieres-fr","8":"product_cat-produits","10":"first","11":"outofstock","12":"taxable","13":"shipping-taxable","14":"product-type-grouped"},"acf":[],"_links":{"self":[{"href":"https:\/\/www.molimextherm.com\/fr\/wp-json\/wp\/v2\/product\/47691","targetHints":{"allow":["GET"]}}],"collection":[{"href":"https:\/\/www.molimextherm.com\/fr\/wp-json\/wp\/v2\/product"}],"about":[{"href":"https:\/\/www.molimextherm.com\/fr\/wp-json\/wp\/v2\/types\/product"}],"wp:featuredmedia":[{"embeddable":true,"href":"https:\/\/www.molimextherm.com\/fr\/wp-json\/wp\/v2\/media\/47853"}],"wp:attachment":[{"href":"https:\/\/www.molimextherm.com\/fr\/wp-json\/wp\/v2\/media?parent=47691"}],"wp:term":[{"taxonomy":"product_brand","embeddable":true,"href":"https:\/\/www.molimextherm.com\/fr\/wp-json\/wp\/v2\/product_brand?post=47691"},{"taxonomy":"product_cat","embeddable":true,"href":"https:\/\/www.molimextherm.com\/fr\/wp-json\/wp\/v2\/product_cat?post=47691"},{"taxonomy":"product_tag","embeddable":true,"href":"https:\/\/www.molimextherm.com\/fr\/wp-json\/wp\/v2\/product_tag?post=47691"}],"curies":[{"name":"wp","href":"https:\/\/api.w.org\/{rel}","templated":true}]}}