{"id":47693,"date":"2024-02-19T17:26:52","date_gmt":"2024-02-19T16:26:52","guid":{"rendered":"https:\/\/dev.nortekhvac.eu\/product\/pulsar\/"},"modified":"2024-09-11T11:11:35","modified_gmt":"2024-09-11T09:11:35","slug":"pulsar","status":"publish","type":"product","link":"https:\/\/www.molimextherm.com\/fr\/produit\/pulsar\/","title":{"rendered":"Pulsar"},"content":{"rendered":"<p>Les panneaux radiants Pulsar mont\u00e9s au plafond sont fabriqu\u00e9s en 4 tailles, avec une largeur de 600 mm et une longueur comprise entre 1,2 et 3 m, en 2 couleurs standard, et d&rsquo;autres sur demande. Le panneau a un design tr\u00e8s \u00e9l\u00e9gant, qui s&rsquo;harmonise parfaitement avec le faux plafond. Il est facile \u00e0 entretenir, a une tr\u00e8s longue dur\u00e9e de vie et peut \u00eatre raccord\u00e9 en s\u00e9rie ou en parall\u00e8le \u00e0 d&rsquo;autres panneaux \u00e0 l&rsquo;aide de tuyaux flexibles fournis sur demande.<\/p>\n<p>Les panneaux pr\u00e9sentent une construction tr\u00e8s int\u00e9ressante : des unit\u00e9s de soudage modernes pressent, sans laisser de traces visibles, les tuyaux en cuivre dans l&rsquo;\u00e9pais panneau en acier \u00e9lectro-galvanis\u00e9, ce qui garantit un rendement thermique optimal et une temp\u00e9rature uniforme sur toute la surface rayonnante. Ce produit est id\u00e9al pour de nombreux types d&rsquo;environnement, en particulier les \u00e9coles et les h\u00f4pitaux.  <\/p>\n<p>Le panneau peut \u00eatre aliment\u00e9 en eau chaude ou froide : en \u00e9t\u00e9, il doit \u00eatre utilis\u00e9 avec un syst\u00e8me d&rsquo;air primaire, car il ne fournit qu&rsquo;un refroidissement sensible.  <\/p>\n<p>Les valeurs de puissance calorifique ont \u00e9t\u00e9 certifi\u00e9es par le principal laboratoire europ\u00e9en du secteur (Universit\u00e9 de Stuttgart), en application de la norme europ\u00e9enne EN 14037.  <\/p>\n<p>Le processus de peinture, qui utilise une couche de poudre de r\u00e9sine \u00e9poxy-polyester s\u00e9ch\u00e9e dans un four \u00e0 180\u00b0C, garantit une r\u00e9sistance \u00e9lev\u00e9e dans le temps, conform\u00e9ment \u00e0 la norme internationale ISO 2409, certifi\u00e9e par des tests effectu\u00e9s \u00e0 l&rsquo;Universit\u00e9 polytechnique de Milan.<\/p>\n","protected":false},"excerpt":{"rendered":"<p>Les panneaux radiants Pulsar mont\u00e9s au plafond sont \u00e9l\u00e9gants et faciles \u00e0 entretenir. Ils sont id\u00e9aux pour les \u00e9coles et les h\u00f4pitaux.<\/p>\n","protected":false},"featured_media":47877,"template":"","meta":[],"product_brand":[],"product_cat":[2896,2897,2848],"product_tag":[],"class_list":{"0":"post-47693","1":"product","2":"type-product","3":"status-publish","4":"has-post-thumbnail","6":"product_cat-chauffages-radiants","7":"product_cat-chauffages-radiants-fr","8":"product_cat-produits","10":"first","11":"outofstock","12":"taxable","13":"shipping-taxable","14":"product-type-grouped"},"acf":[],"_links":{"self":[{"href":"https:\/\/www.molimextherm.com\/fr\/wp-json\/wp\/v2\/product\/47693","targetHints":{"allow":["GET"]}}],"collection":[{"href":"https:\/\/www.molimextherm.com\/fr\/wp-json\/wp\/v2\/product"}],"about":[{"href":"https:\/\/www.molimextherm.com\/fr\/wp-json\/wp\/v2\/types\/product"}],"wp:featuredmedia":[{"embeddable":true,"href":"https:\/\/www.molimextherm.com\/fr\/wp-json\/wp\/v2\/media\/47877"}],"wp:attachment":[{"href":"https:\/\/www.molimextherm.com\/fr\/wp-json\/wp\/v2\/media?parent=47693"}],"wp:term":[{"taxonomy":"product_brand","embeddable":true,"href":"https:\/\/www.molimextherm.com\/fr\/wp-json\/wp\/v2\/product_brand?post=47693"},{"taxonomy":"product_cat","embeddable":true,"href":"https:\/\/www.molimextherm.com\/fr\/wp-json\/wp\/v2\/product_cat?post=47693"},{"taxonomy":"product_tag","embeddable":true,"href":"https:\/\/www.molimextherm.com\/fr\/wp-json\/wp\/v2\/product_tag?post=47693"}],"curies":[{"name":"wp","href":"https:\/\/api.w.org\/{rel}","templated":true}]}}