{"id":49102,"date":"2024-07-05T16:05:03","date_gmt":"2024-07-05T14:05:03","guid":{"rendered":"https:\/\/dev.nortekhvac.eu\/product\/bruleur-a-premelange-photon-35\/"},"modified":"2024-10-16T09:42:15","modified_gmt":"2024-10-16T07:42:15","slug":"bruleur-a-premelange-photon-35","status":"publish","type":"product","link":"https:\/\/www.molimextherm.com\/fr\/produit\/bruleur-a-premelange-photon-35\/","title":{"rendered":"Br\u00fbleur \u00e0 pr\u00e9m\u00e9lange Photon 35"},"content":{"rendered":"","protected":false},"excerpt":{"rendered":"","protected":false},"featured_media":0,"template":"","meta":[],"product_brand":[],"product_cat":[2873,2984,2830],"product_tag":[],"class_list":{"0":"post-49102","1":"product","2":"type-product","3":"status-publish","5":"product_cat-reznor-spares-fr","6":"product_cat-photon-fr","7":"product_cat-pieces-de-rechange","8":"pa_brand-reznor-fr","9":"pa_model-number-photon35-2-fr","10":"pa_range-series-photon-fr","12":"first","13":"instock","14":"taxable","15":"shipping-taxable","16":"purchasable","17":"product-type-simple"},"acf":[],"_links":{"self":[{"href":"https:\/\/www.molimextherm.com\/fr\/wp-json\/wp\/v2\/product\/49102","targetHints":{"allow":["GET"]}}],"collection":[{"href":"https:\/\/www.molimextherm.com\/fr\/wp-json\/wp\/v2\/product"}],"about":[{"href":"https:\/\/www.molimextherm.com\/fr\/wp-json\/wp\/v2\/types\/product"}],"wp:attachment":[{"href":"https:\/\/www.molimextherm.com\/fr\/wp-json\/wp\/v2\/media?parent=49102"}],"wp:term":[{"taxonomy":"product_brand","embeddable":true,"href":"https:\/\/www.molimextherm.com\/fr\/wp-json\/wp\/v2\/product_brand?post=49102"},{"taxonomy":"product_cat","embeddable":true,"href":"https:\/\/www.molimextherm.com\/fr\/wp-json\/wp\/v2\/product_cat?post=49102"},{"taxonomy":"product_tag","embeddable":true,"href":"https:\/\/www.molimextherm.com\/fr\/wp-json\/wp\/v2\/product_tag?post=49102"}],"curies":[{"name":"wp","href":"https:\/\/api.w.org\/{rel}","templated":true}]}}