{"id":50197,"date":"2024-09-04T12:45:56","date_gmt":"2024-09-04T10:45:56","guid":{"rendered":"https:\/\/dev.nortekhvac.eu\/product\/kit-de-mesures-et-dionisation-photon-10-20\/"},"modified":"2024-10-16T09:53:27","modified_gmt":"2024-10-16T07:53:27","slug":"kit-de-mesures-et-dionisation-photon-10-20","status":"publish","type":"product","link":"https:\/\/www.molimextherm.com\/fr\/produit\/kit-de-mesures-et-dionisation-photon-10-20\/","title":{"rendered":"Kit \u00e9lectrode d&rsquo;allumage + sonde de d\u00e9tection de flamme (Photon 10\u201320)"},"content":{"rendered":"","protected":false},"excerpt":{"rendered":"<p>Le kit a remplac\u00e9 la sonde d&rsquo;\u00e9tincelle, la sonde de d\u00e9tection de flamme et le support de montage de la sonde pour les appareils Photon 10 et 20.<\/p>\n","protected":false},"featured_media":49477,"template":"","meta":[],"product_brand":[],"product_cat":[2873,2984,2830],"product_tag":[],"class_list":{"0":"post-50197","1":"product","2":"type-product","3":"status-publish","4":"has-post-thumbnail","6":"product_cat-reznor-spares-fr","7":"product_cat-photon-fr","8":"product_cat-pieces-de-rechange","9":"pa_brand-reznor-fr","10":"pa_model-number-photon10-2-fr","11":"pa_model-number-photon20-2-fr","12":"pa_range-series-photon-fr","14":"first","15":"instock","16":"taxable","17":"shipping-taxable","18":"purchasable","19":"product-type-simple"},"acf":[],"_links":{"self":[{"href":"https:\/\/www.molimextherm.com\/fr\/wp-json\/wp\/v2\/product\/50197","targetHints":{"allow":["GET"]}}],"collection":[{"href":"https:\/\/www.molimextherm.com\/fr\/wp-json\/wp\/v2\/product"}],"about":[{"href":"https:\/\/www.molimextherm.com\/fr\/wp-json\/wp\/v2\/types\/product"}],"wp:featuredmedia":[{"embeddable":true,"href":"https:\/\/www.molimextherm.com\/fr\/wp-json\/wp\/v2\/media\/49477"}],"wp:attachment":[{"href":"https:\/\/www.molimextherm.com\/fr\/wp-json\/wp\/v2\/media?parent=50197"}],"wp:term":[{"taxonomy":"product_brand","embeddable":true,"href":"https:\/\/www.molimextherm.com\/fr\/wp-json\/wp\/v2\/product_brand?post=50197"},{"taxonomy":"product_cat","embeddable":true,"href":"https:\/\/www.molimextherm.com\/fr\/wp-json\/wp\/v2\/product_cat?post=50197"},{"taxonomy":"product_tag","embeddable":true,"href":"https:\/\/www.molimextherm.com\/fr\/wp-json\/wp\/v2\/product_tag?post=50197"}],"curies":[{"name":"wp","href":"https:\/\/api.w.org\/{rel}","templated":true}]}}