{"id":50202,"date":"2024-09-04T12:45:55","date_gmt":"2024-09-04T10:45:55","guid":{"rendered":"https:\/\/dev.nortekhvac.eu\/product\/les-connexions-avec-les-cables\/"},"modified":"2024-10-16T09:53:28","modified_gmt":"2024-10-16T07:53:28","slug":"les-connexions-avec-les-cables","status":"publish","type":"product","link":"https:\/\/www.molimextherm.com\/fr\/produit\/les-connexions-avec-les-cables\/","title":{"rendered":"Sonde d&rsquo;allumage avec fil pour Photon 10 \u00e0 120"},"content":{"rendered":"","protected":false},"excerpt":{"rendered":"<p>Cet article a \u00e9t\u00e9 remplac\u00e9 par les kits suivants :  &nbsp;<\/p>\n<ul>\n<li>SKU : 1038443 &#8211; (pour le Photon 10- 20)<\/li>\n<li>SKU : 1038444 &#8211; (pour Photon 25 &#8211; 100)<\/li>\n<\/ul>\n","protected":false},"featured_media":0,"template":"","meta":[],"product_brand":[],"product_cat":[2830],"product_tag":[],"class_list":{"0":"post-50202","1":"product","2":"type-product","3":"status-publish","5":"product_cat-pieces-de-rechange","6":"pa_brand-reznor-fr","8":"first","9":"instock","10":"taxable","11":"shipping-taxable","12":"purchasable","13":"product-type-simple"},"acf":[],"_links":{"self":[{"href":"https:\/\/www.molimextherm.com\/fr\/wp-json\/wp\/v2\/product\/50202","targetHints":{"allow":["GET"]}}],"collection":[{"href":"https:\/\/www.molimextherm.com\/fr\/wp-json\/wp\/v2\/product"}],"about":[{"href":"https:\/\/www.molimextherm.com\/fr\/wp-json\/wp\/v2\/types\/product"}],"wp:attachment":[{"href":"https:\/\/www.molimextherm.com\/fr\/wp-json\/wp\/v2\/media?parent=50202"}],"wp:term":[{"taxonomy":"product_brand","embeddable":true,"href":"https:\/\/www.molimextherm.com\/fr\/wp-json\/wp\/v2\/product_brand?post=50202"},{"taxonomy":"product_cat","embeddable":true,"href":"https:\/\/www.molimextherm.com\/fr\/wp-json\/wp\/v2\/product_cat?post=50202"},{"taxonomy":"product_tag","embeddable":true,"href":"https:\/\/www.molimextherm.com\/fr\/wp-json\/wp\/v2\/product_tag?post=50202"}],"curies":[{"name":"wp","href":"https:\/\/api.w.org\/{rel}","templated":true}]}}