{"id":50594,"date":"2024-09-10T15:57:35","date_gmt":"2024-09-10T13:57:35","guid":{"rendered":"https:\/\/dev.nortekhvac.eu\/product\/thermostat-de-securite-de-la-rangee\/"},"modified":"2024-10-16T09:57:58","modified_gmt":"2024-10-16T07:57:58","slug":"thermostat-de-securite-de-la-rangee","status":"publish","type":"product","link":"https:\/\/www.molimextherm.com\/fr\/produit\/thermostat-de-securite-de-la-rangee\/","title":{"rendered":"Thermostat de s\u00e9curit\u00e9 pour rang\u00e9e"},"content":{"rendered":"","protected":false},"excerpt":{"rendered":"","protected":false},"featured_media":0,"template":"","meta":[],"product_brand":[],"product_cat":[2865,3565,2830],"product_tag":[],"class_list":{"0":"post-50594","1":"product","2":"type-product","3":"status-publish","5":"product_cat-aosmith-spares-fr","6":"product_cat-aos-dreplus-fr","7":"product_cat-pieces-de-rechange","8":"pa_brand-aosmith-fr","9":"pa_model-number-dre-plus-52-18-fr","10":"pa_model-number-dre-plus-52-36-fr","11":"pa_model-number-dre-plus-52-9-fr","12":"pa_model-number-dre-plus-80-18-fr","13":"pa_model-number-dre-plus-80-36-fr","14":"pa_model-number-dre-plus-80-54-fr","15":"pa_model-number-dre-plus-80-9-fr","16":"pa_range-series-aos-dreplus-fr","18":"first","19":"instock","20":"taxable","21":"shipping-taxable","22":"product-type-simple"},"acf":[],"_links":{"self":[{"href":"https:\/\/www.molimextherm.com\/fr\/wp-json\/wp\/v2\/product\/50594","targetHints":{"allow":["GET"]}}],"collection":[{"href":"https:\/\/www.molimextherm.com\/fr\/wp-json\/wp\/v2\/product"}],"about":[{"href":"https:\/\/www.molimextherm.com\/fr\/wp-json\/wp\/v2\/types\/product"}],"wp:attachment":[{"href":"https:\/\/www.molimextherm.com\/fr\/wp-json\/wp\/v2\/media?parent=50594"}],"wp:term":[{"taxonomy":"product_brand","embeddable":true,"href":"https:\/\/www.molimextherm.com\/fr\/wp-json\/wp\/v2\/product_brand?post=50594"},{"taxonomy":"product_cat","embeddable":true,"href":"https:\/\/www.molimextherm.com\/fr\/wp-json\/wp\/v2\/product_cat?post=50594"},{"taxonomy":"product_tag","embeddable":true,"href":"https:\/\/www.molimextherm.com\/fr\/wp-json\/wp\/v2\/product_tag?post=50594"}],"curies":[{"name":"wp","href":"https:\/\/api.w.org\/{rel}","templated":true}]}}