{"id":50643,"date":"2024-09-11T15:02:43","date_gmt":"2024-09-11T13:02:43","guid":{"rendered":"https:\/\/dev.nortekhvac.eu\/product\/e-aerothermes-electriques-a-air-chaud\/"},"modified":"2024-10-01T16:28:56","modified_gmt":"2024-10-01T14:28:56","slug":"e-aerothermes-electriques-a-air-chaud","status":"publish","type":"product","link":"https:\/\/www.molimextherm.com\/fr\/produit\/e-aerothermes-electriques-a-air-chaud\/","title":{"rendered":"e+ A\u00e9rothermes \u00e9lectriques \u00e0 air chaud"},"content":{"rendered":"<p>Pourquoi choisir les a\u00e9rothermes \u00e9lectriques \u00e0 air chaud ?<br \/>\nEn optant pour l&rsquo;e+, vous ne choisissez pas seulement un appareil de chauffage, vous faites un pas en avant pour r\u00e9duire votre empreinte carbone.<br \/>\nL&rsquo;e+ est dot\u00e9 d&rsquo;une fonction unique de contr\u00f4le adaptatif qui vous permet de surveiller la puissance de l&rsquo;appareil et de maintenir la temp\u00e9rature ambiante requise, garantissant ainsi une utilisation efficace de l&rsquo;\u00e9nergie.<br \/>\nGamme de mod\u00e8les : &#8211; Le radiateur e+ standard est disponible en blanc \u00e9l\u00e9gant (RAL9003) avec des accessoires noirs chics (RAL9005) personnalisables (POA) &#8211; Convient aux alimentations \u00e9lectriques de 380\/400\/415V   <\/p>\n","protected":false},"excerpt":{"rendered":"<p>D\u00e9couvrez une efficacit\u00e9 in\u00e9gal\u00e9e et une installation sans effort avec notre a\u00e9rotherme \u00e9lectrique de pointe.<br \/>\nLe e+ offre une alternative unique et sans gaz pour le chauffage de l&rsquo;air chaud.<br \/>\nAvec un temps de d\u00e9marrage instantan\u00e9 et un contr\u00f4le adaptatif pour des \u00e9conomies d&rsquo;\u00e9nergie suppl\u00e9mentaires, l&rsquo;e+ offre une solution de chauffage pratique pour une large gamme d&rsquo;applications industrielles et commerciales afin de donner un coup de fouet \u00e0 votre d\u00e9marche de d\u00e9veloppement durable.  <\/p>\n","protected":false},"featured_media":50638,"template":"","meta":[],"product_brand":[],"product_cat":[2851,2852,2849,2848,2850],"product_tag":[],"class_list":{"0":"post-50643","1":"product","2":"type-product","3":"status-publish","4":"has-post-thumbnail","6":"product_cat-aerothermes-a-air-chaud","7":"product_cat-aerothermes-a-air-chaud-fr","8":"product_cat-marques","9":"product_cat-produits","10":"product_cat-reznor-fr","12":"first","13":"instock","14":"taxable","15":"shipping-taxable","16":"product-type-grouped"},"acf":[],"_links":{"self":[{"href":"https:\/\/www.molimextherm.com\/fr\/wp-json\/wp\/v2\/product\/50643","targetHints":{"allow":["GET"]}}],"collection":[{"href":"https:\/\/www.molimextherm.com\/fr\/wp-json\/wp\/v2\/product"}],"about":[{"href":"https:\/\/www.molimextherm.com\/fr\/wp-json\/wp\/v2\/types\/product"}],"wp:featuredmedia":[{"embeddable":true,"href":"https:\/\/www.molimextherm.com\/fr\/wp-json\/wp\/v2\/media\/50638"}],"wp:attachment":[{"href":"https:\/\/www.molimextherm.com\/fr\/wp-json\/wp\/v2\/media?parent=50643"}],"wp:term":[{"taxonomy":"product_brand","embeddable":true,"href":"https:\/\/www.molimextherm.com\/fr\/wp-json\/wp\/v2\/product_brand?post=50643"},{"taxonomy":"product_cat","embeddable":true,"href":"https:\/\/www.molimextherm.com\/fr\/wp-json\/wp\/v2\/product_cat?post=50643"},{"taxonomy":"product_tag","embeddable":true,"href":"https:\/\/www.molimextherm.com\/fr\/wp-json\/wp\/v2\/product_tag?post=50643"}],"curies":[{"name":"wp","href":"https:\/\/api.w.org\/{rel}","templated":true}]}}