{"id":52295,"date":"2025-04-09T12:21:07","date_gmt":"2025-04-09T10:21:07","guid":{"rendered":"https:\/\/www.nortekhvac.eu\/?post_type=product&#038;p=52295"},"modified":"2025-04-09T17:03:11","modified_gmt":"2025-04-09T15:03:11","slug":"lira-pompe-a-chaleur-monosplit","status":"publish","type":"product","link":"https:\/\/www.molimextherm.com\/fr\/produit\/lira-pompe-a-chaleur-monosplit\/","title":{"rendered":"LIRA : pompe \u00e0 chaleur monosplit"},"content":{"rendered":"<p>Con\u00e7ue pour tous les climats europ\u00e9ens, la gamme LIRA r\u00e9pond principalement aux besoins de chauffage tout en prenant en compte la demande croissante en climatisation. Cette pompe \u00e0 chaleur innovante allie ces priorit\u00e9s de mani\u00e8re fluide avec les exigences de plus en plus strictes en mati\u00e8re d\u2019efficacit\u00e9 \u00e9nerg\u00e9tique et de r\u00e9duction des \u00e9missions. <\/p>\n<p>L\u2019unit\u00e9 ext\u00e9rieure air\/air est \u00e9quip\u00e9e d\u2019un compresseur Scroll \u00e0 vitesse variable avec injection qui permet un fonctionnement \u00e0 des temp\u00e9ratures ext\u00e9rieures jusqu\u2019\u00e0 -20\u00b0C.<\/p>\n<p>En tant que pompe \u00e0 chaleur air\/air, la LIRA utilise le fluide frigorig\u00e8ne pour assurer un \u00e9change direct de chaleur entre les unit\u00e9s ext\u00e9rieure et int\u00e9rieure. Cela optimise l\u2019efficacit\u00e9 tant en mode chauffage qu\u2019en mode climatisation. De plus, aucun circuit hydraulique n\u2019est n\u00e9cessaire, \u00e9liminant ainsi les risques de gel et \u00e9vitant l\u2019inertie thermique. Cela permet d\u2019atteindre et de maintenir rapidement les temp\u00e9ratures de confort.  <\/p>\n<p>Les unit\u00e9s int\u00e9rieures sont \u00e9quip\u00e9es de ventilateurs \u00e0 faible \u00e9mission sonore, contribuant ainsi \u00e0 un environnement de travail plus silencieux. Choisissez selon vos pr\u00e9f\u00e9rences entre des unit\u00e9s \u00e0 soufflage libre ou des unit\u00e9s gainables.  <\/p>\n","protected":false},"excerpt":{"rendered":"<p>La gamme LIRA : la solution id\u00e9ale pour la transition vers un chauffage et une climatisation sans \u00e9missions dans les b\u00e2timents industriels. Que ce soit pour un entrep\u00f4t, une salle de production ou une salle d\u2019exposition, LIRA garantit un confort tout au long de l\u2019ann\u00e9e, avec un fort accent sur la durabilit\u00e9 et l\u2019efficacit\u00e9.<\/p>\n","protected":false},"featured_media":52243,"template":"","meta":[],"product_brand":[],"product_cat":[2852,2848],"product_tag":[],"class_list":{"0":"post-52295","1":"product","2":"type-product","3":"status-publish","4":"has-post-thumbnail","6":"product_cat-aerothermes-a-air-chaud-fr","7":"product_cat-produits","9":"first","10":"instock","11":"taxable","12":"shipping-taxable","13":"product-type-grouped"},"acf":[],"_links":{"self":[{"href":"https:\/\/www.molimextherm.com\/fr\/wp-json\/wp\/v2\/product\/52295","targetHints":{"allow":["GET"]}}],"collection":[{"href":"https:\/\/www.molimextherm.com\/fr\/wp-json\/wp\/v2\/product"}],"about":[{"href":"https:\/\/www.molimextherm.com\/fr\/wp-json\/wp\/v2\/types\/product"}],"wp:featuredmedia":[{"embeddable":true,"href":"https:\/\/www.molimextherm.com\/fr\/wp-json\/wp\/v2\/media\/52243"}],"wp:attachment":[{"href":"https:\/\/www.molimextherm.com\/fr\/wp-json\/wp\/v2\/media?parent=52295"}],"wp:term":[{"taxonomy":"product_brand","embeddable":true,"href":"https:\/\/www.molimextherm.com\/fr\/wp-json\/wp\/v2\/product_brand?post=52295"},{"taxonomy":"product_cat","embeddable":true,"href":"https:\/\/www.molimextherm.com\/fr\/wp-json\/wp\/v2\/product_cat?post=52295"},{"taxonomy":"product_tag","embeddable":true,"href":"https:\/\/www.molimextherm.com\/fr\/wp-json\/wp\/v2\/product_tag?post=52295"}],"curies":[{"name":"wp","href":"https:\/\/api.w.org\/{rel}","templated":true}]}}