{"id":45804,"date":"2024-04-10T10:42:02","date_gmt":"2024-04-10T08:42:02","guid":{"rendered":"https:\/\/dev.nortekhvac.eu\/product\/ab\/"},"modified":"2024-09-11T10:00:58","modified_gmt":"2024-09-11T08:00:58","slug":"ab","status":"publish","type":"product","link":"https:\/\/www.molimextherm.com\/nl\/product\/ab\/","title":{"rendered":"AB"},"content":{"rendered":"<p>De scheiding tussen het binnenklimaat en het buitenklimaat wordt versterkt door het plaatsen van een luchtgordijn.<br \/>\nDe luchtgordijnen zijn uitsluitend geschikt voor gebruik binnen en zijn ontworpen om bij een omgevingstemperatuur tussen -15\u00b0C en 30\u00b0C te werken.<\/p>\n<p>Het luchtgordijn is modulair opgebouwd om een oplossing te kunnen bieden voor elke breedte. Er zijn 2 standaardmodules verkrijgbaar. Nl; 1,75m en 2,25m<br \/>\nHet is mogelijk om deze lengtes te combineren, met een maximum van 3 toestellen.<br \/>\nHet toestel is uitermate geschikt voor industri\u00eble toepassingen met een maximale deurhoogte van 6 meter.<br \/>\nBij het toestel wordt een controlepaneel bijgeleverd. De volledige werking van het toestel kan worden gecontroleerd en gestuurd vanaf dit paneel. Optioneel kan er een ruimtethermostaat en\/of deurcontact op het paneel worden gemonteerd.<br \/>\nHet luchtgordijn wordt in de bedieningskast elektrisch aangesloten op een spanning van 3X400V+N<br \/>\nDe ventilatoren worden standaard met 2 snelheden functie geleverd, de snelheid kan via het controlepaneel worden ingesteld (draaiknop). Een derde snelheid (tussensnelheid) is voorzien op het toestel, maar niet bekabeld.<br \/>\nDe uitblaaslamellen zijn traploos en individueel instelbaar.<\/p>\n<p>Het toestel is in 4 verschillende uitvoeringen beschikbaar: gasgestookt, indirect gestookt, elektrisch, ambient.<\/p>\n","protected":false},"excerpt":{"rendered":"<p>Ons AB-assortiment industri\u00eble luchtgordijnen levert een krachtige barri\u00e8re van verwarmde lucht over open deuropeningen om te voorkomen dat warmte binnenshuis ontsnapt en om een kosteneffici\u00ebnter en comfortabeler binnenklimaat te cre\u00ebren. Deze unit is populair in magazijnen, hangars en andere grote ruimtes.<\/p>\n","protected":false},"featured_media":47912,"template":"","meta":[],"product_brand":[],"product_cat":[2858,2859,2841,2840,2842],"product_tag":[],"class_list":{"0":"post-45804","1":"product","2":"type-product","3":"status-publish","4":"has-post-thumbnail","6":"product_cat-luchtgordijnen","7":"product_cat-luchtgordijnen-nl","8":"product_cat-merken","9":"product_cat-producten","10":"product_cat-reznor-nl","11":"pa_brand-reznor-nl","13":"first","14":"outofstock","15":"taxable","16":"shipping-taxable","17":"product-type-grouped"},"acf":[],"_links":{"self":[{"href":"https:\/\/www.molimextherm.com\/nl\/wp-json\/wp\/v2\/product\/45804","targetHints":{"allow":["GET"]}}],"collection":[{"href":"https:\/\/www.molimextherm.com\/nl\/wp-json\/wp\/v2\/product"}],"about":[{"href":"https:\/\/www.molimextherm.com\/nl\/wp-json\/wp\/v2\/types\/product"}],"wp:featuredmedia":[{"embeddable":true,"href":"https:\/\/www.molimextherm.com\/nl\/wp-json\/wp\/v2\/media\/47912"}],"wp:attachment":[{"href":"https:\/\/www.molimextherm.com\/nl\/wp-json\/wp\/v2\/media?parent=45804"}],"wp:term":[{"taxonomy":"product_brand","embeddable":true,"href":"https:\/\/www.molimextherm.com\/nl\/wp-json\/wp\/v2\/product_brand?post=45804"},{"taxonomy":"product_cat","embeddable":true,"href":"https:\/\/www.molimextherm.com\/nl\/wp-json\/wp\/v2\/product_cat?post=45804"},{"taxonomy":"product_tag","embeddable":true,"href":"https:\/\/www.molimextherm.com\/nl\/wp-json\/wp\/v2\/product_tag?post=45804"}],"curies":[{"name":"wp","href":"https:\/\/api.w.org\/{rel}","templated":true}]}}