{"id":45820,"date":"2024-04-10T10:42:03","date_gmt":"2024-04-10T08:42:03","guid":{"rendered":"https:\/\/dev.nortekhvac.eu\/product\/ab-2\/"},"modified":"2024-09-11T10:00:59","modified_gmt":"2024-09-11T08:00:59","slug":"ab-2","status":"publish","type":"product","link":"https:\/\/www.molimextherm.com\/nl\/product\/ab-2\/","title":{"rendered":"AB"},"content":{"rendered":"<p>Bij de AB luchtgordijnen wordt een controlepaneel bijgeleverd. De volledige werking van het toestel kan worden gecontroleerd en gestuurd vanaf dit paneel. Optioneel kan er een ruimtethermostaat en\/of deurcontact op het paneel worden gemonteerd.<br \/>\nHet luchtgordijn wordt in de bedieningskast elektrisch aangesloten met een spanning van 3X400V+N<br \/>\nDe ventilatoren worden standaard met 2 snelheden functie geleverd, de snelheid kan via het controlepaneel worden ingesteld (draaiknop). Een derde snelheid (tussensnelheid) is voorzien op het toestel, maar niet bekabeld.<\/p>\n","protected":false},"excerpt":{"rendered":"<p>Ons AB-assortiment industri\u00eble luchtgordijnen levert een krachtige barri\u00e8re van verwarmde lucht over open deuropeningen om te voorkomen dat warmte binnenshuis ontsnapt en om een kosteneffici\u00ebnter en comfortabeler binnenklimaat te cre\u00ebren. Deze unit is populair in magazijnen, hangars en andere grote ruimtes.<\/p>\n","protected":false},"featured_media":47909,"template":"","meta":[],"product_brand":[],"product_cat":[2870,2841,2842],"product_tag":[],"class_list":{"0":"post-45820","1":"product","2":"type-product","3":"status-publish","4":"has-post-thumbnail","6":"product_cat-besturingselementen","7":"product_cat-merken","8":"product_cat-reznor-nl","9":"pa_brand-reznor-nl","11":"first","12":"outofstock","13":"taxable","14":"shipping-taxable","15":"product-type-grouped"},"acf":[],"_links":{"self":[{"href":"https:\/\/www.molimextherm.com\/nl\/wp-json\/wp\/v2\/product\/45820","targetHints":{"allow":["GET"]}}],"collection":[{"href":"https:\/\/www.molimextherm.com\/nl\/wp-json\/wp\/v2\/product"}],"about":[{"href":"https:\/\/www.molimextherm.com\/nl\/wp-json\/wp\/v2\/types\/product"}],"wp:featuredmedia":[{"embeddable":true,"href":"https:\/\/www.molimextherm.com\/nl\/wp-json\/wp\/v2\/media\/47909"}],"wp:attachment":[{"href":"https:\/\/www.molimextherm.com\/nl\/wp-json\/wp\/v2\/media?parent=45820"}],"wp:term":[{"taxonomy":"product_brand","embeddable":true,"href":"https:\/\/www.molimextherm.com\/nl\/wp-json\/wp\/v2\/product_brand?post=45820"},{"taxonomy":"product_cat","embeddable":true,"href":"https:\/\/www.molimextherm.com\/nl\/wp-json\/wp\/v2\/product_cat?post=45820"},{"taxonomy":"product_tag","embeddable":true,"href":"https:\/\/www.molimextherm.com\/nl\/wp-json\/wp\/v2\/product_tag?post=45820"}],"curies":[{"name":"wp","href":"https:\/\/api.w.org\/{rel}","templated":true}]}}